{"id":502338,"date":"2025-07-12T17:50:42","date_gmt":"2025-07-12T15:50:42","guid":{"rendered":"https:\/\/lucacastelli.com\/prodotto\/milwaukee-coupe-tubes-4\/"},"modified":"2026-04-16T02:15:31","modified_gmt":"2026-04-16T00:15:31","slug":"milwaukee-coupe-tubes-4","status":"publish","type":"product","link":"https:\/\/lucacastelli.com\/fr\/produit\/milwaukee-coupe-tubes-4\/","title":{"rendered":"MILWAUKEE Coupe-tubes"},"content":{"rendered":"<p>COUPE-TUBES MINI 3-15 mm &#8211; 1 pce<br \/>\nM\u00e9canisme et lames con\u00e7us pour durer dans le temps ; Les roulettes chrom\u00e9es garantissent une plus longue dur\u00e9e de vie et de meilleures performances, m\u00eame apr\u00e8s de nombreuses utilisations ; La molette avec prise confortable permet un r\u00e9glage plus rapide et une utilisation plus simple ; Design compact id\u00e9al pour couper des tubes m\u00eame dans des espaces restreints<\/p>\n<p>Mini coupe-tubes pour le cuivre<br \/>\n045242521210<\/p>\n","protected":false},"excerpt":{"rendered":"<p>COUPE-TUBES MINI 3-15 mm &#8211; 1 pce M\u00e9canisme et lames con\u00e7us pour durer dans le temps ; Les roulettes chrom\u00e9es<\/p>\n","protected":false},"featured_media":483892,"template":"","meta":{"_seopress_robots_primary_cat":"","_seopress_titles_title":"","_seopress_titles_desc":"","_seopress_robots_index":""},"product_brand":[3407],"product_cat":[29,558],"product_tag":[6834],"class_list":{"0":"post-502338","1":"product","2":"type-product","3":"status-publish","4":"has-post-thumbnail","6":"product_brand-milwaukee","7":"product_cat-macchinari","8":"product_cat-seghe-accessori-vari","9":"product_tag-imp-26-mw_update","10":"sws-gruppo-macchinari-fr","11":"sws-conto-ricavi-merci-rivendita-macchinari-fr","12":"sws-gruppo-iva-iva81-fr","14":"first","15":"instock","16":"sale","17":"shipping-taxable","18":"purchasable","19":"product-type-simple"},"_links":{"self":[{"href":"https:\/\/lucacastelli.com\/fr\/wp-json\/wp\/v2\/product\/502338","targetHints":{"allow":["GET"]}}],"collection":[{"href":"https:\/\/lucacastelli.com\/fr\/wp-json\/wp\/v2\/product"}],"about":[{"href":"https:\/\/lucacastelli.com\/fr\/wp-json\/wp\/v2\/types\/product"}],"wp:featuredmedia":[{"embeddable":true,"href":"https:\/\/lucacastelli.com\/fr\/wp-json\/wp\/v2\/media\/483892"}],"wp:attachment":[{"href":"https:\/\/lucacastelli.com\/fr\/wp-json\/wp\/v2\/media?parent=502338"}],"wp:term":[{"taxonomy":"product_brand","embeddable":true,"href":"https:\/\/lucacastelli.com\/fr\/wp-json\/wp\/v2\/product_brand?post=502338"},{"taxonomy":"product_cat","embeddable":true,"href":"https:\/\/lucacastelli.com\/fr\/wp-json\/wp\/v2\/product_cat?post=502338"},{"taxonomy":"product_tag","embeddable":true,"href":"https:\/\/lucacastelli.com\/fr\/wp-json\/wp\/v2\/product_tag?post=502338"}],"curies":[{"name":"wp","href":"https:\/\/api.w.org\/{rel}","templated":true}]}}