{"id":502332,"date":"2025-07-12T17:50:41","date_gmt":"2025-07-12T15:50:41","guid":{"rendered":"https:\/\/lucacastelli.com\/prodotto\/milwaukee-ensemble-de-crochets\/"},"modified":"2025-07-12T17:50:41","modified_gmt":"2025-07-12T15:50:41","slug":"milwaukee-ensemble-de-crochets","status":"publish","type":"product","link":"https:\/\/lucacastelli.com\/fr\/produit\/milwaukee-ensemble-de-crochets\/","title":{"rendered":"MILWAUKEE Ensemble de crochets"},"content":{"rendered":"<p>Construit avec du m\u00e9tal durable et chrom\u00e9 pour une protection suppl\u00e9mentaire contre la rouille&nbsp;; La partie m\u00e9tallique chrom\u00e9e r\u00e9duit la corrosion et offre une meilleure protection contre la rouille ; La poign\u00e9e caoutchout\u00e9e augmente le contr\u00f4le et le confort lors de l\u2019application&nbsp;; Livr\u00e9 dans un bo\u00eetier facile \u00e0 ouvrir<\/p>\n","protected":false},"excerpt":{"rendered":"<p>Construit avec du m\u00e9tal durable et chrom\u00e9 pour une protection suppl\u00e9mentaire contre la rouille&nbsp;; La partie m\u00e9tallique chrom\u00e9e r\u00e9duit la<\/p>\n","protected":false},"featured_media":483869,"template":"","meta":{"_seopress_robots_primary_cat":"","_seopress_titles_title":"","_seopress_titles_desc":"","_seopress_robots_index":""},"product_brand":[3407],"product_cat":[29,558],"product_tag":[3270],"class_list":{"0":"post-502332","1":"product","2":"type-product","3":"status-publish","4":"has-post-thumbnail","6":"product_brand-milwaukee","7":"product_cat-macchinari","8":"product_cat-seghe-accessori-vari","9":"product_tag-import-milwau","10":"sws-gruppo-macchinari-fr","11":"sws-conto-ricavi-merci-rivendita-macchinari-fr","12":"sws-gruppo-iva-iva81-fr","14":"first","15":"instock","16":"sale","17":"shipping-taxable","18":"purchasable","19":"product-type-simple"},"_links":{"self":[{"href":"https:\/\/lucacastelli.com\/fr\/wp-json\/wp\/v2\/product\/502332","targetHints":{"allow":["GET"]}}],"collection":[{"href":"https:\/\/lucacastelli.com\/fr\/wp-json\/wp\/v2\/product"}],"about":[{"href":"https:\/\/lucacastelli.com\/fr\/wp-json\/wp\/v2\/types\/product"}],"wp:featuredmedia":[{"embeddable":true,"href":"https:\/\/lucacastelli.com\/fr\/wp-json\/wp\/v2\/media\/483869"}],"wp:attachment":[{"href":"https:\/\/lucacastelli.com\/fr\/wp-json\/wp\/v2\/media?parent=502332"}],"wp:term":[{"taxonomy":"product_brand","embeddable":true,"href":"https:\/\/lucacastelli.com\/fr\/wp-json\/wp\/v2\/product_brand?post=502332"},{"taxonomy":"product_cat","embeddable":true,"href":"https:\/\/lucacastelli.com\/fr\/wp-json\/wp\/v2\/product_cat?post=502332"},{"taxonomy":"product_tag","embeddable":true,"href":"https:\/\/lucacastelli.com\/fr\/wp-json\/wp\/v2\/product_tag?post=502332"}],"curies":[{"name":"wp","href":"https:\/\/api.w.org\/{rel}","templated":true}]}}