{"id":502326,"date":"2025-07-12T17:50:40","date_gmt":"2025-07-12T15:50:40","guid":{"rendered":"https:\/\/lucacastelli.com\/prodotto\/milwaukee-jeu-de-leviers-dextremite-inclines\/"},"modified":"2025-07-12T17:50:40","modified_gmt":"2025-07-12T15:50:40","slug":"milwaukee-jeu-de-leviers-dextremite-inclines","status":"publish","type":"product","link":"https:\/\/lucacastelli.com\/fr\/produit\/milwaukee-jeu-de-leviers-dextremite-inclines\/","title":{"rendered":"MILWAUKEE Jeu de leviers d\u2019extr\u00e9mit\u00e9 inclin\u00e9s"},"content":{"rendered":"<p>Le noyau m\u00e9tallique garantit une durabilit\u00e9 jusqu\u2019\u00e0 40 % plus longue ; Construction en acier pour une r\u00e9sistance maximale&nbsp;; Effet de levier maximal m\u00eame lors de travaux dans des espaces restreints et difficiles&nbsp;; Poign\u00e9e sur trois c\u00f4t\u00e9s pour une prise en main maximale ; Chromage pour une plus grande durabilit\u00e9&nbsp;; La conception \u00e0 extr\u00e9mit\u00e9 plate r\u00e9duit les dommages lors de l\u2019extraction des clous.<\/p>\n","protected":false},"excerpt":{"rendered":"<p>Le noyau m\u00e9tallique garantit une durabilit\u00e9 jusqu\u2019\u00e0 40 % plus longue ; Construction en acier pour une r\u00e9sistance maximale&nbsp;; Effet<\/p>\n","protected":false},"featured_media":483820,"template":"","meta":{"_seopress_robots_primary_cat":"","_seopress_titles_title":"","_seopress_titles_desc":"","_seopress_robots_index":""},"product_brand":[3407],"product_cat":[29,558],"product_tag":[3270],"class_list":{"0":"post-502326","1":"product","2":"type-product","3":"status-publish","4":"has-post-thumbnail","6":"product_brand-milwaukee","7":"product_cat-macchinari","8":"product_cat-seghe-accessori-vari","9":"product_tag-import-milwau","10":"sws-gruppo-macchinari-fr","11":"sws-conto-ricavi-merci-rivendita-macchinari-fr","12":"sws-gruppo-iva-iva81-fr","14":"first","15":"instock","16":"sale","17":"shipping-taxable","18":"purchasable","19":"product-type-simple"},"_links":{"self":[{"href":"https:\/\/lucacastelli.com\/fr\/wp-json\/wp\/v2\/product\/502326","targetHints":{"allow":["GET"]}}],"collection":[{"href":"https:\/\/lucacastelli.com\/fr\/wp-json\/wp\/v2\/product"}],"about":[{"href":"https:\/\/lucacastelli.com\/fr\/wp-json\/wp\/v2\/types\/product"}],"wp:featuredmedia":[{"embeddable":true,"href":"https:\/\/lucacastelli.com\/fr\/wp-json\/wp\/v2\/media\/483820"}],"wp:attachment":[{"href":"https:\/\/lucacastelli.com\/fr\/wp-json\/wp\/v2\/media?parent=502326"}],"wp:term":[{"taxonomy":"product_brand","embeddable":true,"href":"https:\/\/lucacastelli.com\/fr\/wp-json\/wp\/v2\/product_brand?post=502326"},{"taxonomy":"product_cat","embeddable":true,"href":"https:\/\/lucacastelli.com\/fr\/wp-json\/wp\/v2\/product_cat?post=502326"},{"taxonomy":"product_tag","embeddable":true,"href":"https:\/\/lucacastelli.com\/fr\/wp-json\/wp\/v2\/product_tag?post=502326"}],"curies":[{"name":"wp","href":"https:\/\/api.w.org\/{rel}","templated":true}]}}