{"id":502322,"date":"2025-07-09T09:06:07","date_gmt":"2025-07-09T07:06:07","guid":{"rendered":"https:\/\/lucacastelli.com\/prodotto\/milwaukee-lame-de-scie-droite-26\/"},"modified":"2025-07-09T09:06:07","modified_gmt":"2025-07-09T07:06:07","slug":"milwaukee-lame-de-scie-droite-26","status":"publish","type":"product","link":"https:\/\/lucacastelli.com\/fr\/produit\/milwaukee-lame-de-scie-droite-26\/","title":{"rendered":"MILWAUKEE Lame de scie droite"},"content":{"rendered":"<p>Corps robuste et \u00e9paisseur de lame de 1,06 mm pour des coupes pr\u00e9cises ; La construction bim\u00e9tallique des dents avec 8&nbsp;% de cobalt am\u00e9liore encore les performances et la dur\u00e9e de vie utile&nbsp;; Torche : Lame \u00e9paisse (1,06 mm) pour des coupes pr\u00e9cises dans les t\u00f4les et les tubes ; Hauteur de lame de 25 mm pour une stabilit\u00e9 maximale et des vibrations r\u00e9duites<\/p>\n","protected":false},"excerpt":{"rendered":"<p>Corps robuste et \u00e9paisseur de lame de 1,06 mm pour des coupes pr\u00e9cises ; La construction bim\u00e9tallique des dents avec<\/p>\n","protected":false},"featured_media":432318,"template":"","meta":{"_seopress_robots_primary_cat":"","_seopress_titles_title":"","_seopress_titles_desc":"","_seopress_robots_index":""},"product_brand":[3407],"product_cat":[29,558],"product_tag":[3270],"class_list":{"0":"post-502322","1":"product","2":"type-product","3":"status-publish","4":"has-post-thumbnail","6":"product_brand-milwaukee","7":"product_cat-macchinari","8":"product_cat-seghe-accessori-vari","9":"product_tag-import-milwau","10":"sws-gruppo-macchinari-fr","11":"sws-conto-ricavi-merci-rivendita-macchinari-fr","12":"sws-gruppo-iva-iva81-fr","14":"first","15":"instock","16":"sale","17":"shipping-taxable","18":"purchasable","19":"product-type-simple"},"_links":{"self":[{"href":"https:\/\/lucacastelli.com\/fr\/wp-json\/wp\/v2\/product\/502322","targetHints":{"allow":["GET"]}}],"collection":[{"href":"https:\/\/lucacastelli.com\/fr\/wp-json\/wp\/v2\/product"}],"about":[{"href":"https:\/\/lucacastelli.com\/fr\/wp-json\/wp\/v2\/types\/product"}],"wp:featuredmedia":[{"embeddable":true,"href":"https:\/\/lucacastelli.com\/fr\/wp-json\/wp\/v2\/media\/432318"}],"wp:attachment":[{"href":"https:\/\/lucacastelli.com\/fr\/wp-json\/wp\/v2\/media?parent=502322"}],"wp:term":[{"taxonomy":"product_brand","embeddable":true,"href":"https:\/\/lucacastelli.com\/fr\/wp-json\/wp\/v2\/product_brand?post=502322"},{"taxonomy":"product_cat","embeddable":true,"href":"https:\/\/lucacastelli.com\/fr\/wp-json\/wp\/v2\/product_cat?post=502322"},{"taxonomy":"product_tag","embeddable":true,"href":"https:\/\/lucacastelli.com\/fr\/wp-json\/wp\/v2\/product_tag?post=502322"}],"curies":[{"name":"wp","href":"https:\/\/api.w.org\/{rel}","templated":true}]}}