{"id":502314,"date":"2025-07-09T09:06:02","date_gmt":"2025-07-09T07:06:02","guid":{"rendered":"https:\/\/lucacastelli.com\/prodotto\/milwaukee-lame-de-scie-droite-23\/"},"modified":"2025-07-09T09:06:02","modified_gmt":"2025-07-09T07:06:02","slug":"milwaukee-lame-de-scie-droite-23","status":"publish","type":"product","link":"https:\/\/lucacastelli.com\/fr\/produit\/milwaukee-lame-de-scie-droite-23\/","title":{"rendered":"MILWAUKEE Lame de scie droite"},"content":{"rendered":"<p>La lame de scie TORCH\u2122 NITRUS CARBIDE\u2122 est la prochaine g\u00e9n\u00e9ration de technologie carbure ; Le m\u00e9lange sp\u00e9cial carbure NITRUS est sp\u00e9cialement cr\u00e9\u00e9 pour couper 3 fois plus que les lames en carbure standard ; Sp\u00e9cialement con\u00e7ue pour assurer un d\u00e9marrage rapide, des coupes pr\u00e9cises et une extraction facile des fragments, la lame TORCH\u2122 NITRUS CARBIDE\u2122 est con\u00e7ue pour durer longtemps et pour couper la fonte, les tuyaux et autres m\u00e9taux \u00e9pais \u00e0 grande vitesse ; 1,27 mm d\u2019\u00e9paisseur pour des coupes pr\u00e9cises et droites ; Hauteur de la lame de 25 mm pour une plus grande stabilit\u00e9 et une r\u00e9duction des vibrations ; Meilleures performances dans tous les m\u00e9taux plus \u00e9pais<\/p>\n","protected":false},"excerpt":{"rendered":"<p>La lame de scie TORCH\u2122 NITRUS CARBIDE\u2122 est la prochaine g\u00e9n\u00e9ration de technologie carbure ; Le m\u00e9lange sp\u00e9cial carbure NITRUS<\/p>\n","protected":false},"featured_media":432334,"template":"","meta":{"_seopress_robots_primary_cat":"","_seopress_titles_title":"","_seopress_titles_desc":"","_seopress_robots_index":""},"product_brand":[3407],"product_cat":[29,558],"product_tag":[3270],"class_list":{"0":"post-502314","1":"product","2":"type-product","3":"status-publish","4":"has-post-thumbnail","6":"product_brand-milwaukee","7":"product_cat-macchinari","8":"product_cat-seghe-accessori-vari","9":"product_tag-import-milwau","10":"sws-gruppo-macchinari-fr","11":"sws-conto-ricavi-merci-rivendita-macchinari-fr","12":"sws-gruppo-iva-iva81-fr","14":"first","15":"instock","16":"sale","17":"shipping-taxable","18":"purchasable","19":"product-type-simple"},"_links":{"self":[{"href":"https:\/\/lucacastelli.com\/fr\/wp-json\/wp\/v2\/product\/502314","targetHints":{"allow":["GET"]}}],"collection":[{"href":"https:\/\/lucacastelli.com\/fr\/wp-json\/wp\/v2\/product"}],"about":[{"href":"https:\/\/lucacastelli.com\/fr\/wp-json\/wp\/v2\/types\/product"}],"wp:featuredmedia":[{"embeddable":true,"href":"https:\/\/lucacastelli.com\/fr\/wp-json\/wp\/v2\/media\/432334"}],"wp:attachment":[{"href":"https:\/\/lucacastelli.com\/fr\/wp-json\/wp\/v2\/media?parent=502314"}],"wp:term":[{"taxonomy":"product_brand","embeddable":true,"href":"https:\/\/lucacastelli.com\/fr\/wp-json\/wp\/v2\/product_brand?post=502314"},{"taxonomy":"product_cat","embeddable":true,"href":"https:\/\/lucacastelli.com\/fr\/wp-json\/wp\/v2\/product_cat?post=502314"},{"taxonomy":"product_tag","embeddable":true,"href":"https:\/\/lucacastelli.com\/fr\/wp-json\/wp\/v2\/product_tag?post=502314"}],"curies":[{"name":"wp","href":"https:\/\/api.w.org\/{rel}","templated":true}]}}