{"id":502293,"date":"2025-07-09T09:05:43","date_gmt":"2025-07-09T07:05:43","guid":{"rendered":"https:\/\/lucacastelli.com\/prodotto\/milwaukee-lame-de-scie-droite-17\/"},"modified":"2026-04-16T02:24:09","modified_gmt":"2026-04-16T00:24:09","slug":"milwaukee-lame-de-scie-droite-17","status":"publish","type":"product","link":"https:\/\/lucacastelli.com\/fr\/produit\/milwaukee-lame-de-scie-droite-17\/","title":{"rendered":"MILWAUKEE Lame pour scie sabre"},"content":{"rendered":"<p>LAME SD AX BOIS 150\/5 25pcs<br \/>\nAdapt\u00e9 pour : bois avec clous, tuyaux en plastique, bois, travaux de r\u00e9novation, ouvertures pour fen\u00eatres, coupes en plong\u00e9e ; FANG TIP : pour une p\u00e9n\u00e9tration facile dans le mat\u00e9riau dans les zones \u00e9troites ; NAIL GUARD : Prot\u00e8ge les dents lors de l&#8217;application lorsque les dents de la lame rencontrent des \u00e9l\u00e9ments ferreux comme des clous, boulons, etc. Cela augmente la dur\u00e9e de vie ; Duret\u00e9 : 1,60 mm d&#8217;\u00e9paisseur de lame id\u00e9ale pour bois avec clous et boulons ; Vitesse : la g\u00e9om\u00e9trie particuli\u00e8re de la lame permet une \u00e9limination rapide du mat\u00e9riau et une coupe plus rapide ; Forme inclin\u00e9e : excellente pour la coupe en plong\u00e9e et pour atteindre les zones \u00e9troites ; Flexibilit\u00e9 : construction bi-m\u00e9tal permet \u00e0 la lame de se plier et fl\u00e9chir sans se casser <\/p>\n<p>Lames d\u00e9molition Heavy Duty : Bois avec clous<br \/>\n045242082285<\/p>\n","protected":false},"excerpt":{"rendered":"<p>LAME SD AX BOIS 150\/5 25pcs Adapt\u00e9 pour : bois avec clous, tuyaux en plastique, bois, travaux de r\u00e9novation, ouvertures<\/p>\n","protected":false},"featured_media":431840,"template":"","meta":{"_seopress_robots_primary_cat":"","_seopress_titles_title":"","_seopress_titles_desc":"","_seopress_robots_index":""},"product_brand":[3658],"product_cat":[167,1534],"product_tag":[6839],"class_list":{"0":"post-502293","1":"product","2":"type-product","3":"status-publish","4":"has-post-thumbnail","6":"product_brand-milwaukee-fr","7":"product_cat-machines","8":"product_cat-scies","9":"product_tag-imp-26-mw_update","10":"sws-gruppo-macchinari-fr","11":"sws-conto-ricavi-merci-rivendita-macchinari-fr","12":"sws-gruppo-iva-iva81-fr","14":"first","15":"instock","16":"sale","17":"shipping-taxable","18":"purchasable","19":"product-type-simple"},"_links":{"self":[{"href":"https:\/\/lucacastelli.com\/fr\/wp-json\/wp\/v2\/product\/502293","targetHints":{"allow":["GET"]}}],"collection":[{"href":"https:\/\/lucacastelli.com\/fr\/wp-json\/wp\/v2\/product"}],"about":[{"href":"https:\/\/lucacastelli.com\/fr\/wp-json\/wp\/v2\/types\/product"}],"wp:featuredmedia":[{"embeddable":true,"href":"https:\/\/lucacastelli.com\/fr\/wp-json\/wp\/v2\/media\/431840"}],"wp:attachment":[{"href":"https:\/\/lucacastelli.com\/fr\/wp-json\/wp\/v2\/media?parent=502293"}],"wp:term":[{"taxonomy":"product_brand","embeddable":true,"href":"https:\/\/lucacastelli.com\/fr\/wp-json\/wp\/v2\/product_brand?post=502293"},{"taxonomy":"product_cat","embeddable":true,"href":"https:\/\/lucacastelli.com\/fr\/wp-json\/wp\/v2\/product_cat?post=502293"},{"taxonomy":"product_tag","embeddable":true,"href":"https:\/\/lucacastelli.com\/fr\/wp-json\/wp\/v2\/product_tag?post=502293"}],"curies":[{"name":"wp","href":"https:\/\/api.w.org\/{rel}","templated":true}]}}