{"id":502291,"date":"2025-07-09T09:05:41","date_gmt":"2025-07-09T07:05:41","guid":{"rendered":"https:\/\/lucacastelli.com\/prodotto\/milwaukee-lame-de-scie-droite-16\/"},"modified":"2025-07-09T09:05:41","modified_gmt":"2025-07-09T07:05:41","slug":"milwaukee-lame-de-scie-droite-16","status":"publish","type":"product","link":"https:\/\/lucacastelli.com\/fr\/produit\/milwaukee-lame-de-scie-droite-16\/","title":{"rendered":"MILWAUKEE Lame de scie droite"},"content":{"rendered":"<p>POINTE FANG : pour s\u2019enfoncer facilement dans le mat\u00e9riau dans les zones confin\u00e9es ; PROT\u00c8GE-CLOUS : Prot\u00e8ge les dents lors de l\u2019application lorsque les dents de la lame rencontrent des \u00e9l\u00e9ments ferreux tels que des clous, des boulons, etc. Cela augmente la dur\u00e9e ; Duret\u00e9 : \u00e9paisseur de lame de 1,60 mm, id\u00e9ale pour le bois avec clous et boulons ; Vitesse : la g\u00e9om\u00e9trie particuli\u00e8re de la lame permet un enl\u00e8vement rapide de la mati\u00e8re et une coupe plus rapide ; Forme inclin\u00e9e : excellente pour la coupe en plong\u00e9e et l\u2019atteinte dans les zones confin\u00e9es ; Flexibilit\u00e9 : La construction bim\u00e9tallique permet \u00e0 la lame de se plier et de fl\u00e9chir sans se casser <\/p>\n","protected":false},"excerpt":{"rendered":"<p>POINTE FANG : pour s\u2019enfoncer facilement dans le mat\u00e9riau dans les zones confin\u00e9es ; PROT\u00c8GE-CLOUS : Prot\u00e8ge les dents lors<\/p>\n","protected":false},"featured_media":431840,"template":"","meta":{"_seopress_robots_primary_cat":"","_seopress_titles_title":"","_seopress_titles_desc":"","_seopress_robots_index":""},"product_brand":[3658],"product_cat":[167,1534],"product_tag":[6839],"class_list":{"0":"post-502291","1":"product","2":"type-product","3":"status-publish","4":"has-post-thumbnail","6":"product_brand-milwaukee-fr","7":"product_cat-machines","8":"product_cat-scies","9":"product_tag-imp-26-mw_update","10":"sws-gruppo-macchinari-fr","11":"sws-conto-ricavi-merci-rivendita-macchinari-fr","12":"sws-gruppo-iva-iva81-fr","14":"first","15":"instock","16":"sale","17":"shipping-taxable","18":"purchasable","19":"product-type-simple"},"_links":{"self":[{"href":"https:\/\/lucacastelli.com\/fr\/wp-json\/wp\/v2\/product\/502291","targetHints":{"allow":["GET"]}}],"collection":[{"href":"https:\/\/lucacastelli.com\/fr\/wp-json\/wp\/v2\/product"}],"about":[{"href":"https:\/\/lucacastelli.com\/fr\/wp-json\/wp\/v2\/types\/product"}],"wp:featuredmedia":[{"embeddable":true,"href":"https:\/\/lucacastelli.com\/fr\/wp-json\/wp\/v2\/media\/431840"}],"wp:attachment":[{"href":"https:\/\/lucacastelli.com\/fr\/wp-json\/wp\/v2\/media?parent=502291"}],"wp:term":[{"taxonomy":"product_brand","embeddable":true,"href":"https:\/\/lucacastelli.com\/fr\/wp-json\/wp\/v2\/product_brand?post=502291"},{"taxonomy":"product_cat","embeddable":true,"href":"https:\/\/lucacastelli.com\/fr\/wp-json\/wp\/v2\/product_cat?post=502291"},{"taxonomy":"product_tag","embeddable":true,"href":"https:\/\/lucacastelli.com\/fr\/wp-json\/wp\/v2\/product_tag?post=502291"}],"curies":[{"name":"wp","href":"https:\/\/api.w.org\/{rel}","templated":true}]}}