{"id":502288,"date":"2025-07-09T09:05:42","date_gmt":"2025-07-09T07:05:42","guid":{"rendered":"https:\/\/lucacastelli.com\/prodotto\/milwaukee-lame-de-scie-droite-15\/"},"modified":"2026-04-16T02:25:19","modified_gmt":"2026-04-16T00:25:19","slug":"milwaukee-lame-de-scie-droite-15","status":"publish","type":"product","link":"https:\/\/lucacastelli.com\/fr\/produit\/milwaukee-lame-de-scie-droite-15\/","title":{"rendered":"MILWAUKEE Lame pour scie sabre"},"content":{"rendered":"<p>LAME SD AX BOIS 230\/5 25 pces<br \/>\nConvient pour : bois avec clous, tubes en plastique, bois, travaux de r\u00e9novation, ouvertures de fen\u00eatres, coupes plongeantes ; FANG TIP : pour une p\u00e9n\u00e9tration facile dans le mat\u00e9riau dans les zones restreintes ; NAIL GUARD : prot\u00e8ge les dents lors de l\u2019application lorsque les dents de la lame rencontrent des \u00e9l\u00e9ments ferreux tels que clous, boulons, etc. Cela augmente la dur\u00e9e de vie ; \u00c9paisseur : 1,60 mm d\u2019\u00e9paisseur de lame, id\u00e9ale pour le bois avec clous et boulons ; Vitesse : la g\u00e9om\u00e9trie particuli\u00e8re de la lame permet une \u00e9limination rapide du mat\u00e9riau et une coupe plus rapide ; Forme inclin\u00e9e : excellente pour la coupe plongeante et pour atteindre les zones restreintes ; Flexibilit\u00e9 : la construction bi-m\u00e9tal permet \u00e0 la lame de se plier et de fl\u00e9chir sans se casser <\/p>\n<p>Lames de d\u00e9molition Heavy Duty : Bois avec clous<br \/>\n045242082292<\/p>\n","protected":false},"excerpt":{"rendered":"<p>LAME SD AX BOIS 230\/5 25 pces Convient pour : bois avec clous, tubes en plastique, bois, travaux de r\u00e9novation,<\/p>\n","protected":false},"featured_media":431840,"template":"","meta":{"_seopress_robots_primary_cat":"","_seopress_titles_title":"","_seopress_titles_desc":"","_seopress_robots_index":""},"product_brand":[3658],"product_cat":[167,1534],"product_tag":[6839],"class_list":{"0":"post-502288","1":"product","2":"type-product","3":"status-publish","4":"has-post-thumbnail","6":"product_brand-milwaukee-fr","7":"product_cat-machines","8":"product_cat-scies","9":"product_tag-imp-26-mw_update","10":"sws-gruppo-macchinari-fr","11":"sws-conto-ricavi-merci-rivendita-macchinari-fr","12":"sws-gruppo-iva-iva81-fr","14":"first","15":"instock","16":"sale","17":"shipping-taxable","18":"purchasable","19":"product-type-simple"},"_links":{"self":[{"href":"https:\/\/lucacastelli.com\/fr\/wp-json\/wp\/v2\/product\/502288","targetHints":{"allow":["GET"]}}],"collection":[{"href":"https:\/\/lucacastelli.com\/fr\/wp-json\/wp\/v2\/product"}],"about":[{"href":"https:\/\/lucacastelli.com\/fr\/wp-json\/wp\/v2\/types\/product"}],"wp:featuredmedia":[{"embeddable":true,"href":"https:\/\/lucacastelli.com\/fr\/wp-json\/wp\/v2\/media\/431840"}],"wp:attachment":[{"href":"https:\/\/lucacastelli.com\/fr\/wp-json\/wp\/v2\/media?parent=502288"}],"wp:term":[{"taxonomy":"product_brand","embeddable":true,"href":"https:\/\/lucacastelli.com\/fr\/wp-json\/wp\/v2\/product_brand?post=502288"},{"taxonomy":"product_cat","embeddable":true,"href":"https:\/\/lucacastelli.com\/fr\/wp-json\/wp\/v2\/product_cat?post=502288"},{"taxonomy":"product_tag","embeddable":true,"href":"https:\/\/lucacastelli.com\/fr\/wp-json\/wp\/v2\/product_tag?post=502288"}],"curies":[{"name":"wp","href":"https:\/\/api.w.org\/{rel}","templated":true}]}}