{"id":502285,"date":"2025-07-09T09:05:40","date_gmt":"2025-07-09T07:05:40","guid":{"rendered":"https:\/\/lucacastelli.com\/prodotto\/milwaukee-lame-de-scie-droite-14\/"},"modified":"2026-04-16T02:25:13","modified_gmt":"2026-04-16T00:25:13","slug":"milwaukee-lame-de-scie-droite-14","status":"publish","type":"product","link":"https:\/\/lucacastelli.com\/fr\/produit\/milwaukee-lame-de-scie-droite-14\/","title":{"rendered":"MILWAUKEE Lame pour scie sabre"},"content":{"rendered":"<p>LAME SD WRECKER 230\/7 25 pces<br \/>\nConvient pour : fonte, bois avec clous, tuyaux m\u00e9talliques, m\u00e9taux non ferreux, acier, travaux de r\u00e9novation, ouvertures de fen\u00eatres, coupes plongeantes ; Corps robuste et pr\u00e9cis, d\u2019une \u00e9paisseur de 1,57 mm. Assure des coupes pr\u00e9cises \u00e0 90\u00b0 ; Construction bim\u00e9tallique : Excellentes performances et durabilit\u00e9 de la lame ; Composition des dents : Design des dents agressif et renforc\u00e9 ; Forme de la lame : inclin\u00e9e &#8211; La forme inclin\u00e9e rend cette lame id\u00e9ale pour la coupe plongeante. Convient pour la coupe du m\u00e9tal et pour les applications de d\u00e9molition (bois avec clous) <\/p>\n<p>Set de lames de scie sabre SAWZALL\u2122<br \/>\n045242082520<\/p>\n","protected":false},"excerpt":{"rendered":"<p>LAME SD WRECKER 230\/7 25 pces Convient pour : fonte, bois avec clous, tuyaux m\u00e9talliques, m\u00e9taux non ferreux, acier, travaux<\/p>\n","protected":false},"featured_media":432275,"template":"","meta":{"_seopress_robots_primary_cat":"","_seopress_titles_title":"","_seopress_titles_desc":"","_seopress_robots_index":""},"product_brand":[3407],"product_cat":[29,558],"product_tag":[6834],"class_list":{"0":"post-502285","1":"product","2":"type-product","3":"status-publish","4":"has-post-thumbnail","6":"product_brand-milwaukee","7":"product_cat-macchinari","8":"product_cat-seghe-accessori-vari","9":"product_tag-imp-26-mw_update","10":"sws-gruppo-macchinari-fr","11":"sws-conto-ricavi-merci-rivendita-macchinari-fr","12":"sws-gruppo-iva-iva81-fr","14":"first","15":"instock","16":"sale","17":"shipping-taxable","18":"purchasable","19":"product-type-simple"},"_links":{"self":[{"href":"https:\/\/lucacastelli.com\/fr\/wp-json\/wp\/v2\/product\/502285","targetHints":{"allow":["GET"]}}],"collection":[{"href":"https:\/\/lucacastelli.com\/fr\/wp-json\/wp\/v2\/product"}],"about":[{"href":"https:\/\/lucacastelli.com\/fr\/wp-json\/wp\/v2\/types\/product"}],"wp:featuredmedia":[{"embeddable":true,"href":"https:\/\/lucacastelli.com\/fr\/wp-json\/wp\/v2\/media\/432275"}],"wp:attachment":[{"href":"https:\/\/lucacastelli.com\/fr\/wp-json\/wp\/v2\/media?parent=502285"}],"wp:term":[{"taxonomy":"product_brand","embeddable":true,"href":"https:\/\/lucacastelli.com\/fr\/wp-json\/wp\/v2\/product_brand?post=502285"},{"taxonomy":"product_cat","embeddable":true,"href":"https:\/\/lucacastelli.com\/fr\/wp-json\/wp\/v2\/product_cat?post=502285"},{"taxonomy":"product_tag","embeddable":true,"href":"https:\/\/lucacastelli.com\/fr\/wp-json\/wp\/v2\/product_tag?post=502285"}],"curies":[{"name":"wp","href":"https:\/\/api.w.org\/{rel}","templated":true}]}}