{"id":502284,"date":"2025-07-09T09:05:37","date_gmt":"2025-07-09T07:05:37","guid":{"rendered":"https:\/\/lucacastelli.com\/prodotto\/milwaukee-lame-de-scie-droite-13\/"},"modified":"2026-04-16T02:16:09","modified_gmt":"2026-04-16T00:16:09","slug":"milwaukee-lame-de-scie-droite-13","status":"publish","type":"product","link":"https:\/\/lucacastelli.com\/fr\/produit\/milwaukee-lame-de-scie-droite-13\/","title":{"rendered":"MILWAUKEE Lame pour scie sabre"},"content":{"rendered":"<p>LAME SD TORCH 150\/1,5 25 pces<br \/>\nConvient pour : fonte, tubes m\u00e9talliques, m\u00e9taux non ferreux, acier, acier inoxydable, travaux de r\u00e9novation ; Corps robuste et \u00e9paisseur de lame de 1,06 mm pour des coupes pr\u00e9cises ; La construction bim\u00e9tallique des dents avec 8 % de cobalt am\u00e9liore encore les performances et la dur\u00e9e de vie ; Torch : lame \u00e9paisse (1,06 mm) pour des coupes pr\u00e9cises dans les t\u00f4les et les tubes ; Hauteur de lame de 25 mm pour une stabilit\u00e9 maximale et une r\u00e9duction des vibrations<\/p>\n<p>Lames de d\u00e9molition THE TORCH\u2122 : M\u00e9tal<br \/>\n045242082377<\/p>\n","protected":false},"excerpt":{"rendered":"<p>LAME SD TORCH 150\/1,5 25 pces Convient pour : fonte, tubes m\u00e9talliques, m\u00e9taux non ferreux, acier, acier inoxydable, travaux de<\/p>\n","protected":false},"featured_media":432462,"template":"","meta":{"_seopress_robots_primary_cat":"","_seopress_titles_title":"","_seopress_titles_desc":"","_seopress_robots_index":""},"product_brand":[3407],"product_cat":[29,558],"product_tag":[6834],"class_list":{"0":"post-502284","1":"product","2":"type-product","3":"status-publish","4":"has-post-thumbnail","6":"product_brand-milwaukee","7":"product_cat-macchinari","8":"product_cat-seghe-accessori-vari","9":"product_tag-imp-26-mw_update","10":"sws-gruppo-macchinari-fr","11":"sws-conto-ricavi-merci-rivendita-macchinari-fr","12":"sws-gruppo-iva-iva81-fr","14":"first","15":"instock","16":"sale","17":"shipping-taxable","18":"purchasable","19":"product-type-simple"},"_links":{"self":[{"href":"https:\/\/lucacastelli.com\/fr\/wp-json\/wp\/v2\/product\/502284","targetHints":{"allow":["GET"]}}],"collection":[{"href":"https:\/\/lucacastelli.com\/fr\/wp-json\/wp\/v2\/product"}],"about":[{"href":"https:\/\/lucacastelli.com\/fr\/wp-json\/wp\/v2\/types\/product"}],"wp:featuredmedia":[{"embeddable":true,"href":"https:\/\/lucacastelli.com\/fr\/wp-json\/wp\/v2\/media\/432462"}],"wp:attachment":[{"href":"https:\/\/lucacastelli.com\/fr\/wp-json\/wp\/v2\/media?parent=502284"}],"wp:term":[{"taxonomy":"product_brand","embeddable":true,"href":"https:\/\/lucacastelli.com\/fr\/wp-json\/wp\/v2\/product_brand?post=502284"},{"taxonomy":"product_cat","embeddable":true,"href":"https:\/\/lucacastelli.com\/fr\/wp-json\/wp\/v2\/product_cat?post=502284"},{"taxonomy":"product_tag","embeddable":true,"href":"https:\/\/lucacastelli.com\/fr\/wp-json\/wp\/v2\/product_tag?post=502284"}],"curies":[{"name":"wp","href":"https:\/\/api.w.org\/{rel}","templated":true}]}}