{"id":502250,"date":"2025-07-09T09:05:24","date_gmt":"2025-07-09T07:05:24","guid":{"rendered":"https:\/\/lucacastelli.com\/prodotto\/milwaukee-lame-de-scie-droite-3\/"},"modified":"2026-04-16T02:27:02","modified_gmt":"2026-04-16T00:27:02","slug":"milwaukee-lame-de-scie-droite-3","status":"publish","type":"product","link":"https:\/\/lucacastelli.com\/fr\/produit\/milwaukee-lame-de-scie-droite-3\/","title":{"rendered":"MILWAUKEE Lame pour scie sabre"},"content":{"rendered":"<p>LAMES UNIVERSELLES SD 150\/3,2-2,1 50 pces<br \/>\nConvient pour : bois avec clous, tubes en plastique, m\u00e9taux non ferreux, acier, r\u00e9paration de palettes ; Dents Matrix II HSS avec 8 % de cobalt. Conception en bim\u00e9tal dur, pour une coupe rapide et une dur\u00e9e de vie maximale de la lame. Pour diverses applications  <\/p>\n<p>Lames universelles : bois \/ m\u00e9tal \/ plastique<br \/>\n045242084685<\/p>\n","protected":false},"excerpt":{"rendered":"<p>LAMES UNIVERSELLES SD 150\/3,2-2,1 50 pces Convient pour : bois avec clous, tubes en plastique, m\u00e9taux non ferreux, acier, r\u00e9paration<\/p>\n","protected":false},"featured_media":432577,"template":"","meta":{"_seopress_robots_primary_cat":"","_seopress_titles_title":"","_seopress_titles_desc":"","_seopress_robots_index":""},"product_brand":[3407],"product_cat":[29,558],"product_tag":[6834],"class_list":{"0":"post-502250","1":"product","2":"type-product","3":"status-publish","4":"has-post-thumbnail","6":"product_brand-milwaukee","7":"product_cat-macchinari","8":"product_cat-seghe-accessori-vari","9":"product_tag-imp-26-mw_update","10":"sws-gruppo-macchinari-fr","11":"sws-conto-ricavi-merci-rivendita-macchinari-fr","12":"sws-gruppo-iva-iva81-fr","14":"first","15":"instock","16":"sale","17":"shipping-taxable","18":"purchasable","19":"product-type-simple"},"_links":{"self":[{"href":"https:\/\/lucacastelli.com\/fr\/wp-json\/wp\/v2\/product\/502250","targetHints":{"allow":["GET"]}}],"collection":[{"href":"https:\/\/lucacastelli.com\/fr\/wp-json\/wp\/v2\/product"}],"about":[{"href":"https:\/\/lucacastelli.com\/fr\/wp-json\/wp\/v2\/types\/product"}],"wp:featuredmedia":[{"embeddable":true,"href":"https:\/\/lucacastelli.com\/fr\/wp-json\/wp\/v2\/media\/432577"}],"wp:attachment":[{"href":"https:\/\/lucacastelli.com\/fr\/wp-json\/wp\/v2\/media?parent=502250"}],"wp:term":[{"taxonomy":"product_brand","embeddable":true,"href":"https:\/\/lucacastelli.com\/fr\/wp-json\/wp\/v2\/product_brand?post=502250"},{"taxonomy":"product_cat","embeddable":true,"href":"https:\/\/lucacastelli.com\/fr\/wp-json\/wp\/v2\/product_cat?post=502250"},{"taxonomy":"product_tag","embeddable":true,"href":"https:\/\/lucacastelli.com\/fr\/wp-json\/wp\/v2\/product_tag?post=502250"}],"curies":[{"name":"wp","href":"https:\/\/api.w.org\/{rel}","templated":true}]}}