{"id":502242,"date":"2025-07-12T17:50:36","date_gmt":"2025-07-12T15:50:36","guid":{"rendered":"https:\/\/lucacastelli.com\/prodotto\/ruban-a-fixation-rapide-milwaukee\/"},"modified":"2025-07-12T17:50:36","modified_gmt":"2025-07-12T15:50:36","slug":"ruban-a-fixation-rapide-milwaukee","status":"publish","type":"product","link":"https:\/\/lucacastelli.com\/fr\/produit\/ruban-a-fixation-rapide-milwaukee\/","title":{"rendered":"Ruban \u00e0 fixation rapide MILWAUKEE"},"content":{"rendered":"<p>Ruban adh\u00e9sif de s\u00e9curit\u00e9, cet accessoire est l\u2019un des nombreux accessoires qui vous permettent de prot\u00e9ger tous les outils avec une protection contre les chutes&nbsp;; Connexion simple et vari\u00e9e des outils les plus divers, connexion forte et s\u00e9curis\u00e9e<\/p>\n","protected":false},"excerpt":{"rendered":"<p>Ruban adh\u00e9sif de s\u00e9curit\u00e9, cet accessoire est l\u2019un des nombreux accessoires qui vous permettent de prot\u00e9ger tous les outils avec<\/p>\n","protected":false},"featured_media":483776,"template":"","meta":{"_seopress_robots_primary_cat":"","_seopress_titles_title":"","_seopress_titles_desc":"","_seopress_robots_index":""},"product_brand":[3407],"product_cat":[29,558],"product_tag":[3270],"class_list":{"0":"post-502242","1":"product","2":"type-product","3":"status-publish","4":"has-post-thumbnail","6":"product_brand-milwaukee","7":"product_cat-macchinari","8":"product_cat-seghe-accessori-vari","9":"product_tag-import-milwau","10":"sws-gruppo-macchinari-fr","11":"sws-conto-ricavi-merci-rivendita-macchinari-fr","12":"sws-gruppo-iva-iva81-fr","14":"first","15":"instock","16":"sale","17":"shipping-taxable","18":"purchasable","19":"product-type-simple"},"_links":{"self":[{"href":"https:\/\/lucacastelli.com\/fr\/wp-json\/wp\/v2\/product\/502242","targetHints":{"allow":["GET"]}}],"collection":[{"href":"https:\/\/lucacastelli.com\/fr\/wp-json\/wp\/v2\/product"}],"about":[{"href":"https:\/\/lucacastelli.com\/fr\/wp-json\/wp\/v2\/types\/product"}],"wp:featuredmedia":[{"embeddable":true,"href":"https:\/\/lucacastelli.com\/fr\/wp-json\/wp\/v2\/media\/483776"}],"wp:attachment":[{"href":"https:\/\/lucacastelli.com\/fr\/wp-json\/wp\/v2\/media?parent=502242"}],"wp:term":[{"taxonomy":"product_brand","embeddable":true,"href":"https:\/\/lucacastelli.com\/fr\/wp-json\/wp\/v2\/product_brand?post=502242"},{"taxonomy":"product_cat","embeddable":true,"href":"https:\/\/lucacastelli.com\/fr\/wp-json\/wp\/v2\/product_cat?post=502242"},{"taxonomy":"product_tag","embeddable":true,"href":"https:\/\/lucacastelli.com\/fr\/wp-json\/wp\/v2\/product_tag?post=502242"}],"curies":[{"name":"wp","href":"https:\/\/api.w.org\/{rel}","templated":true}]}}