{"id":502235,"date":"2025-07-12T17:50:35","date_gmt":"2025-07-12T15:50:35","guid":{"rendered":"https:\/\/lucacastelli.com\/prodotto\/milwaukee-sac-a-dos-a-outils\/"},"modified":"2025-07-12T17:50:35","modified_gmt":"2025-07-12T15:50:35","slug":"milwaukee-sac-a-dos-a-outils","status":"publish","type":"product","link":"https:\/\/lucacastelli.com\/fr\/produit\/milwaukee-sac-a-dos-a-outils\/","title":{"rendered":"MILWAUKEE Sac \u00e0 dos \u00e0 outils"},"content":{"rendered":"<p>Construction durable, en nylon balistique 1680D&nbsp;; La base rigide moul\u00e9e permet au sac \u00e0 dos de rester debout pour une protection maximale du contenu ; Bretelles rembourr\u00e9es et respirantes pour un confort maximal ; Grande capacit\u00e9 de charge &#8211; 35 poches&nbsp;; Possibilit\u00e9 d\u2019abaisser la poche avant pour faciliter l\u2019acc\u00e8s et le rangement des objets volumineux ; Poche lat\u00e9rale pour bouteille&nbsp;; La poche interne pour ordinateur portable permet un rangement prot\u00e9g\u00e9 pour ordinateur portable\/tablette\/etc. Le s\u00e9parateur interne optimise l\u2019espace de stockage<\/p>\n","protected":false},"excerpt":{"rendered":"<p>Construction durable, en nylon balistique 1680D&nbsp;; La base rigide moul\u00e9e permet au sac \u00e0 dos de rester debout pour une<\/p>\n","protected":false},"featured_media":483731,"template":"","meta":{"_seopress_robots_primary_cat":"","_seopress_titles_title":"","_seopress_titles_desc":"","_seopress_robots_index":""},"product_brand":[3407],"product_cat":[29,558],"product_tag":[3270],"class_list":{"0":"post-502235","1":"product","2":"type-product","3":"status-publish","4":"has-post-thumbnail","6":"product_brand-milwaukee","7":"product_cat-macchinari","8":"product_cat-seghe-accessori-vari","9":"product_tag-import-milwau","10":"sws-gruppo-macchinari-fr","11":"sws-conto-ricavi-merci-rivendita-macchinari-fr","12":"sws-gruppo-iva-iva81-fr","14":"first","15":"instock","16":"sale","17":"shipping-taxable","18":"purchasable","19":"product-type-simple"},"_links":{"self":[{"href":"https:\/\/lucacastelli.com\/fr\/wp-json\/wp\/v2\/product\/502235","targetHints":{"allow":["GET"]}}],"collection":[{"href":"https:\/\/lucacastelli.com\/fr\/wp-json\/wp\/v2\/product"}],"about":[{"href":"https:\/\/lucacastelli.com\/fr\/wp-json\/wp\/v2\/types\/product"}],"wp:featuredmedia":[{"embeddable":true,"href":"https:\/\/lucacastelli.com\/fr\/wp-json\/wp\/v2\/media\/483731"}],"wp:attachment":[{"href":"https:\/\/lucacastelli.com\/fr\/wp-json\/wp\/v2\/media?parent=502235"}],"wp:term":[{"taxonomy":"product_brand","embeddable":true,"href":"https:\/\/lucacastelli.com\/fr\/wp-json\/wp\/v2\/product_brand?post=502235"},{"taxonomy":"product_cat","embeddable":true,"href":"https:\/\/lucacastelli.com\/fr\/wp-json\/wp\/v2\/product_cat?post=502235"},{"taxonomy":"product_tag","embeddable":true,"href":"https:\/\/lucacastelli.com\/fr\/wp-json\/wp\/v2\/product_tag?post=502235"}],"curies":[{"name":"wp","href":"https:\/\/api.w.org\/{rel}","templated":true}]}}