{"id":502221,"date":"2025-07-12T17:50:31","date_gmt":"2025-07-12T15:50:31","guid":{"rendered":"https:\/\/lucacastelli.com\/prodotto\/milwaukee-sac-a-outils-2\/"},"modified":"2025-07-12T17:50:31","modified_gmt":"2025-07-12T15:50:31","slug":"milwaukee-sac-a-outils-2","status":"publish","type":"product","link":"https:\/\/lucacastelli.com\/fr\/produit\/milwaukee-sac-a-outils-2\/","title":{"rendered":"MILWAUKEE Sac \u00e0 outils"},"content":{"rendered":"<p>Robuste, fabriqu\u00e9 en nylon balistique 1680D ; Double couture, jusqu\u2019\u00e0 4 fois plus r\u00e9sistante que les coutures standard ; La poign\u00e9e int\u00e9gr\u00e9e permet un transport facile ; La base solide permet une excellente tenue m\u00eame \u00e0 pleine charge ; Les boucles int\u00e9gr\u00e9es permettent d\u2019attacher le sac \u00e0 une ceinture \u00e0 outils ; Les attaches de suspension en m\u00e9tal vous permettent d\u2019ajouter des bretelles&nbsp;; Porte-ruban \u00e0 mesurer pour un acc\u00e8s facile<\/p>\n","protected":false},"excerpt":{"rendered":"<p>Robuste, fabriqu\u00e9 en nylon balistique 1680D ; Double couture, jusqu\u2019\u00e0 4 fois plus r\u00e9sistante que les coutures standard ; La<\/p>\n","protected":false},"featured_media":0,"template":"","meta":{"_seopress_robots_primary_cat":"","_seopress_titles_title":"","_seopress_titles_desc":"","_seopress_robots_index":""},"product_brand":[3407],"product_cat":[29,558],"product_tag":[3270],"class_list":{"0":"post-502221","1":"product","2":"type-product","3":"status-publish","5":"product_brand-milwaukee","6":"product_cat-macchinari","7":"product_cat-seghe-accessori-vari","8":"product_tag-import-milwau","9":"sws-gruppo-macchinari-fr","10":"sws-conto-ricavi-merci-rivendita-macchinari-fr","11":"sws-gruppo-iva-iva81-fr","13":"first","14":"instock","15":"sale","16":"shipping-taxable","17":"purchasable","18":"product-type-simple"},"_links":{"self":[{"href":"https:\/\/lucacastelli.com\/fr\/wp-json\/wp\/v2\/product\/502221","targetHints":{"allow":["GET"]}}],"collection":[{"href":"https:\/\/lucacastelli.com\/fr\/wp-json\/wp\/v2\/product"}],"about":[{"href":"https:\/\/lucacastelli.com\/fr\/wp-json\/wp\/v2\/types\/product"}],"wp:attachment":[{"href":"https:\/\/lucacastelli.com\/fr\/wp-json\/wp\/v2\/media?parent=502221"}],"wp:term":[{"taxonomy":"product_brand","embeddable":true,"href":"https:\/\/lucacastelli.com\/fr\/wp-json\/wp\/v2\/product_brand?post=502221"},{"taxonomy":"product_cat","embeddable":true,"href":"https:\/\/lucacastelli.com\/fr\/wp-json\/wp\/v2\/product_cat?post=502221"},{"taxonomy":"product_tag","embeddable":true,"href":"https:\/\/lucacastelli.com\/fr\/wp-json\/wp\/v2\/product_tag?post=502221"}],"curies":[{"name":"wp","href":"https:\/\/api.w.org\/{rel}","templated":true}]}}