{"id":502220,"date":"2025-07-12T17:50:29","date_gmt":"2025-07-12T15:50:29","guid":{"rendered":"https:\/\/lucacastelli.com\/prodotto\/milwaukee-ruban-a-mesurer-7\/"},"modified":"2025-07-12T17:50:29","modified_gmt":"2025-07-12T15:50:29","slug":"milwaukee-ruban-a-mesurer-7","status":"publish","type":"product","link":"https:\/\/lucacastelli.com\/fr\/produit\/milwaukee-ruban-a-mesurer-7\/","title":{"rendered":"MILWAUKEE Ruban \u00e0 mesurer"},"content":{"rendered":"<p>Conception plus ergonomique et plus compacte ; Rev\u00eatement en nylon qui offre une meilleure protection contre les d\u00e9bris, la poussi\u00e8re et l\u2019eau&nbsp;; Valise en ABS avec poign\u00e9e souple pour plus de confort et de durabilit\u00e9&nbsp;; Cadre renforc\u00e9 en 4 points ; Base plate pour une stabilit\u00e9 horizontale et dossier pour une mesure verticale facile&nbsp;; Clip de ceinture&nbsp;; Pr\u00e9cision de classe II<\/p>\n","protected":false},"excerpt":{"rendered":"<p>Conception plus ergonomique et plus compacte ; Rev\u00eatement en nylon qui offre une meilleure protection contre les d\u00e9bris, la poussi\u00e8re<\/p>\n","protected":false},"featured_media":483665,"template":"","meta":{"_seopress_robots_primary_cat":"","_seopress_titles_title":"","_seopress_titles_desc":"","_seopress_robots_index":""},"product_brand":[3407],"product_cat":[29,558],"product_tag":[3270],"class_list":{"0":"post-502220","1":"product","2":"type-product","3":"status-publish","4":"has-post-thumbnail","6":"product_brand-milwaukee","7":"product_cat-macchinari","8":"product_cat-seghe-accessori-vari","9":"product_tag-import-milwau","10":"sws-gruppo-macchinari-fr","11":"sws-conto-ricavi-merci-rivendita-macchinari-fr","12":"sws-gruppo-iva-iva81-fr","14":"first","15":"instock","16":"sale","17":"shipping-taxable","18":"purchasable","19":"product-type-simple"},"_links":{"self":[{"href":"https:\/\/lucacastelli.com\/fr\/wp-json\/wp\/v2\/product\/502220","targetHints":{"allow":["GET"]}}],"collection":[{"href":"https:\/\/lucacastelli.com\/fr\/wp-json\/wp\/v2\/product"}],"about":[{"href":"https:\/\/lucacastelli.com\/fr\/wp-json\/wp\/v2\/types\/product"}],"wp:featuredmedia":[{"embeddable":true,"href":"https:\/\/lucacastelli.com\/fr\/wp-json\/wp\/v2\/media\/483665"}],"wp:attachment":[{"href":"https:\/\/lucacastelli.com\/fr\/wp-json\/wp\/v2\/media?parent=502220"}],"wp:term":[{"taxonomy":"product_brand","embeddable":true,"href":"https:\/\/lucacastelli.com\/fr\/wp-json\/wp\/v2\/product_brand?post=502220"},{"taxonomy":"product_cat","embeddable":true,"href":"https:\/\/lucacastelli.com\/fr\/wp-json\/wp\/v2\/product_cat?post=502220"},{"taxonomy":"product_tag","embeddable":true,"href":"https:\/\/lucacastelli.com\/fr\/wp-json\/wp\/v2\/product_tag?post=502220"}],"curies":[{"name":"wp","href":"https:\/\/api.w.org\/{rel}","templated":true}]}}