{"id":502211,"date":"2025-07-12T17:50:22","date_gmt":"2025-07-12T15:50:22","guid":{"rendered":"https:\/\/lucacastelli.com\/prodotto\/milwaukee-cle-a-molette-reglable-6\/"},"modified":"2026-04-16T02:15:03","modified_gmt":"2026-04-16T00:15:03","slug":"milwaukee-cle-a-molette-reglable-6","status":"publish","type":"product","link":"https:\/\/lucacastelli.com\/fr\/produit\/milwaukee-cle-a-molette-reglable-6\/","title":{"rendered":"Milwaukee Cl\u00e9 \u00e0 rouleaux r\u00e9glable"},"content":{"rendered":"<p>CL\u00c9S R\u00c9GLABLES \u00c0 MOLETTE 300 mm &#8211; 1 pce<br \/>\nMolette molet\u00e9e pour une pr\u00e9cision et une tenue maximales. La m\u00e2choire ne recule pas une fois le r\u00e9glage effectu\u00e9 ; Chrom\u00e9e pour une meilleure protection contre la rouille ; Design ergonomique de la poign\u00e9e. Arrondi pour un confort maximal lors de l&#8217;utilisation ; Design \u00e0 t\u00eate fine pour atteindre les zones \u00e9troites ; M\u00e2choires parall\u00e8les ; S\u00e9rigraphie laser pouces\/mm pour une pr\u00e9cision maximale ; Trou pr\u00e9vu pour cordon  <\/p>\n<p>Cl\u00e9 r\u00e9glable \u00e0 molette<br \/>\n045242356195<\/p>\n","protected":false},"excerpt":{"rendered":"<p>CL\u00c9S R\u00c9GLABLES \u00c0 MOLETTE 300 mm &#8211; 1 pce Molette molet\u00e9e pour une pr\u00e9cision et une tenue maximales. La m\u00e2choire<\/p>\n","protected":false},"featured_media":483587,"template":"","meta":{"_seopress_robots_primary_cat":"","_seopress_titles_title":"","_seopress_titles_desc":"","_seopress_robots_index":""},"product_brand":[3407],"product_cat":[29,558],"product_tag":[6834],"class_list":{"0":"post-502211","1":"product","2":"type-product","3":"status-publish","4":"has-post-thumbnail","6":"product_brand-milwaukee","7":"product_cat-macchinari","8":"product_cat-seghe-accessori-vari","9":"product_tag-imp-26-mw_update","10":"sws-gruppo-macchinari-fr","11":"sws-conto-ricavi-merci-rivendita-macchinari-fr","12":"sws-gruppo-iva-iva81-fr","14":"first","15":"instock","16":"sale","17":"shipping-taxable","18":"purchasable","19":"product-type-simple"},"_links":{"self":[{"href":"https:\/\/lucacastelli.com\/fr\/wp-json\/wp\/v2\/product\/502211","targetHints":{"allow":["GET"]}}],"collection":[{"href":"https:\/\/lucacastelli.com\/fr\/wp-json\/wp\/v2\/product"}],"about":[{"href":"https:\/\/lucacastelli.com\/fr\/wp-json\/wp\/v2\/types\/product"}],"wp:featuredmedia":[{"embeddable":true,"href":"https:\/\/lucacastelli.com\/fr\/wp-json\/wp\/v2\/media\/483587"}],"wp:attachment":[{"href":"https:\/\/lucacastelli.com\/fr\/wp-json\/wp\/v2\/media?parent=502211"}],"wp:term":[{"taxonomy":"product_brand","embeddable":true,"href":"https:\/\/lucacastelli.com\/fr\/wp-json\/wp\/v2\/product_brand?post=502211"},{"taxonomy":"product_cat","embeddable":true,"href":"https:\/\/lucacastelli.com\/fr\/wp-json\/wp\/v2\/product_cat?post=502211"},{"taxonomy":"product_tag","embeddable":true,"href":"https:\/\/lucacastelli.com\/fr\/wp-json\/wp\/v2\/product_tag?post=502211"}],"curies":[{"name":"wp","href":"https:\/\/api.w.org\/{rel}","templated":true}]}}