{"id":502204,"date":"2025-07-12T17:50:18","date_gmt":"2025-07-12T15:50:18","guid":{"rendered":"https:\/\/lucacastelli.com\/prodotto\/milwaukee-cle-a-molette-reglable-3\/"},"modified":"2025-07-12T17:50:18","modified_gmt":"2025-07-12T15:50:18","slug":"milwaukee-cle-a-molette-reglable-3","status":"publish","type":"product","link":"https:\/\/lucacastelli.com\/fr\/produit\/milwaukee-cle-a-molette-reglable-3\/","title":{"rendered":"MILWAUKEE Cl\u00e9 \u00e0 molette r\u00e9glable"},"content":{"rendered":"<p>Roue molet\u00e9e pour une pr\u00e9cision et un maintien maximum. La m\u00e2choire ne rebondit pas une fois le r\u00e9glage effectu\u00e9&nbsp;; Chrome pour une meilleure protection contre la rouille ; Conception ergonomique de la poign\u00e9e. Arrondi pour un confort maximal lors de l\u2019application&nbsp;; Conception de t\u00eate mince pour atteindre les zones \u00e9troites&nbsp;; M\u00e2choires parall\u00e8les&nbsp;; S\u00e9rigraphie laser en pouces\/mm pour une pr\u00e9cision maximale ; Trou de lacet d\u00e9di\u00e9  <\/p>\n","protected":false},"excerpt":{"rendered":"<p>Roue molet\u00e9e pour une pr\u00e9cision et un maintien maximum. La m\u00e2choire ne rebondit pas une fois le r\u00e9glage effectu\u00e9&nbsp;; Chrome<\/p>\n","protected":false},"featured_media":483577,"template":"","meta":{"_seopress_robots_primary_cat":"","_seopress_titles_title":"","_seopress_titles_desc":"","_seopress_robots_index":""},"product_brand":[3407],"product_cat":[29,558],"product_tag":[3270],"class_list":{"0":"post-502204","1":"product","2":"type-product","3":"status-publish","4":"has-post-thumbnail","6":"product_brand-milwaukee","7":"product_cat-macchinari","8":"product_cat-seghe-accessori-vari","9":"product_tag-import-milwau","10":"sws-gruppo-macchinari-fr","11":"sws-conto-ricavi-merci-rivendita-macchinari-fr","12":"sws-gruppo-iva-iva81-fr","14":"first","15":"instock","16":"sale","17":"shipping-taxable","18":"purchasable","19":"product-type-simple"},"_links":{"self":[{"href":"https:\/\/lucacastelli.com\/fr\/wp-json\/wp\/v2\/product\/502204","targetHints":{"allow":["GET"]}}],"collection":[{"href":"https:\/\/lucacastelli.com\/fr\/wp-json\/wp\/v2\/product"}],"about":[{"href":"https:\/\/lucacastelli.com\/fr\/wp-json\/wp\/v2\/types\/product"}],"wp:featuredmedia":[{"embeddable":true,"href":"https:\/\/lucacastelli.com\/fr\/wp-json\/wp\/v2\/media\/483577"}],"wp:attachment":[{"href":"https:\/\/lucacastelli.com\/fr\/wp-json\/wp\/v2\/media?parent=502204"}],"wp:term":[{"taxonomy":"product_brand","embeddable":true,"href":"https:\/\/lucacastelli.com\/fr\/wp-json\/wp\/v2\/product_brand?post=502204"},{"taxonomy":"product_cat","embeddable":true,"href":"https:\/\/lucacastelli.com\/fr\/wp-json\/wp\/v2\/product_cat?post=502204"},{"taxonomy":"product_tag","embeddable":true,"href":"https:\/\/lucacastelli.com\/fr\/wp-json\/wp\/v2\/product_tag?post=502204"}],"curies":[{"name":"wp","href":"https:\/\/api.w.org\/{rel}","templated":true}]}}