{"id":502192,"date":"2025-07-12T17:50:16","date_gmt":"2025-07-12T15:50:16","guid":{"rendered":"https:\/\/lucacastelli.com\/prodotto\/milwaukee-cle-a-tube-10\/"},"modified":"2025-07-12T17:50:16","modified_gmt":"2025-07-12T15:50:16","slug":"milwaukee-cle-a-tube-10","status":"publish","type":"product","link":"https:\/\/lucacastelli.com\/fr\/produit\/milwaukee-cle-a-tube-10\/","title":{"rendered":"MILWAUKEE Cl\u00e9 \u00e0 tube"},"content":{"rendered":"<p>levier interchangeable de 250 mm pour les espaces restreints, 450 mm pour les solutions interm\u00e9diaires, 600 mm pour un effet de levier maximal ; M\u00e2choire \u00e0 large ouverture pour une prise s\u00fbre sur les tuyaux et les raccords&nbsp;; Ressorts h\u00e9lico\u00efdaux doubles pour une durabilit\u00e9 maximale ; Poign\u00e9e ergonomique pour un confort maximal, une meilleure transmission de puissance et moins de fatigue ; Conception du crochet pour un rangement facile sur le lieu de travail&nbsp;; M\u00e2choires tremp\u00e9es pour augmenter la durabilit\u00e9 et l\u2019adh\u00e9rence&nbsp;; Boucle de lacet<\/p>\n","protected":false},"excerpt":{"rendered":"<p>levier interchangeable de 250 mm pour les espaces restreints, 450 mm pour les solutions interm\u00e9diaires, 600 mm pour un effet<\/p>\n","protected":false},"featured_media":483548,"template":"","meta":{"_seopress_robots_primary_cat":"","_seopress_titles_title":"","_seopress_titles_desc":"","_seopress_robots_index":""},"product_brand":[3407],"product_cat":[29,558],"product_tag":[3270],"class_list":{"0":"post-502192","1":"product","2":"type-product","3":"status-publish","4":"has-post-thumbnail","6":"product_brand-milwaukee","7":"product_cat-macchinari","8":"product_cat-seghe-accessori-vari","9":"product_tag-import-milwau","10":"sws-gruppo-macchinari-fr","11":"sws-conto-ricavi-merci-rivendita-macchinari-fr","12":"sws-gruppo-iva-iva81-fr","14":"first","15":"instock","16":"sale","17":"shipping-taxable","18":"purchasable","19":"product-type-simple"},"_links":{"self":[{"href":"https:\/\/lucacastelli.com\/fr\/wp-json\/wp\/v2\/product\/502192","targetHints":{"allow":["GET"]}}],"collection":[{"href":"https:\/\/lucacastelli.com\/fr\/wp-json\/wp\/v2\/product"}],"about":[{"href":"https:\/\/lucacastelli.com\/fr\/wp-json\/wp\/v2\/types\/product"}],"wp:featuredmedia":[{"embeddable":true,"href":"https:\/\/lucacastelli.com\/fr\/wp-json\/wp\/v2\/media\/483548"}],"wp:attachment":[{"href":"https:\/\/lucacastelli.com\/fr\/wp-json\/wp\/v2\/media?parent=502192"}],"wp:term":[{"taxonomy":"product_brand","embeddable":true,"href":"https:\/\/lucacastelli.com\/fr\/wp-json\/wp\/v2\/product_brand?post=502192"},{"taxonomy":"product_cat","embeddable":true,"href":"https:\/\/lucacastelli.com\/fr\/wp-json\/wp\/v2\/product_cat?post=502192"},{"taxonomy":"product_tag","embeddable":true,"href":"https:\/\/lucacastelli.com\/fr\/wp-json\/wp\/v2\/product_tag?post=502192"}],"curies":[{"name":"wp","href":"https:\/\/api.w.org\/{rel}","templated":true}]}}