{"id":502190,"date":"2025-07-12T17:50:12","date_gmt":"2025-07-12T15:50:12","guid":{"rendered":"https:\/\/lucacastelli.com\/prodotto\/milwaukee-cle-a-tube-9\/"},"modified":"2026-04-16T02:23:47","modified_gmt":"2026-04-16T00:23:47","slug":"milwaukee-cle-a-tube-9","status":"publish","type":"product","link":"https:\/\/lucacastelli.com\/fr\/produit\/milwaukee-cle-a-tube-9\/","title":{"rendered":"MILWAUKEE Cl\u00e9 \u00e0 tube"},"content":{"rendered":"<p>CL\u00c9 \u00c0 TUBE 18 Mod. Am\u00e9ricain &#8211; 1 pce<br \/>\nM\u00e2choire surdimensionn\u00e9e pour une prise s\u00fbre sur les tubes et raccords ; Molette molet\u00e9e pour une pr\u00e9cision maximale du r\u00e9glage. Le moletage emp\u00eache la m\u00e2choire de bouger de la position \u00e9tablie pour l&#8217;application ; Poign\u00e9e ergonomique pour un confort maximal ; M\u00e2choires tremp\u00e9es pour une r\u00e9sistance et une tenue accrues ; \u0152illet pour cordon  <\/p>\n<p>Cl\u00e9 \u00e0 tube Mod. Am\u00e9ricain<br \/>\n045242342419 <\/p>\n","protected":false},"excerpt":{"rendered":"<p>CL\u00c9 \u00c0 TUBE 18 Mod. Am\u00e9ricain &#8211; 1 pce M\u00e2choire surdimensionn\u00e9e pour une prise s\u00fbre sur les tubes et raccords<\/p>\n","protected":false},"featured_media":483532,"template":"","meta":{"_seopress_robots_primary_cat":"","_seopress_titles_title":"","_seopress_titles_desc":"","_seopress_robots_index":""},"product_brand":[3407],"product_cat":[29,558],"product_tag":[6834],"class_list":{"0":"post-502190","1":"product","2":"type-product","3":"status-publish","4":"has-post-thumbnail","6":"product_brand-milwaukee","7":"product_cat-macchinari","8":"product_cat-seghe-accessori-vari","9":"product_tag-imp-26-mw_update","10":"sws-gruppo-macchinari-fr","11":"sws-conto-ricavi-merci-rivendita-macchinari-fr","12":"sws-gruppo-iva-iva81-fr","14":"first","15":"instock","16":"sale","17":"shipping-taxable","18":"purchasable","19":"product-type-simple"},"_links":{"self":[{"href":"https:\/\/lucacastelli.com\/fr\/wp-json\/wp\/v2\/product\/502190","targetHints":{"allow":["GET"]}}],"collection":[{"href":"https:\/\/lucacastelli.com\/fr\/wp-json\/wp\/v2\/product"}],"about":[{"href":"https:\/\/lucacastelli.com\/fr\/wp-json\/wp\/v2\/types\/product"}],"wp:featuredmedia":[{"embeddable":true,"href":"https:\/\/lucacastelli.com\/fr\/wp-json\/wp\/v2\/media\/483532"}],"wp:attachment":[{"href":"https:\/\/lucacastelli.com\/fr\/wp-json\/wp\/v2\/media?parent=502190"}],"wp:term":[{"taxonomy":"product_brand","embeddable":true,"href":"https:\/\/lucacastelli.com\/fr\/wp-json\/wp\/v2\/product_brand?post=502190"},{"taxonomy":"product_cat","embeddable":true,"href":"https:\/\/lucacastelli.com\/fr\/wp-json\/wp\/v2\/product_cat?post=502190"},{"taxonomy":"product_tag","embeddable":true,"href":"https:\/\/lucacastelli.com\/fr\/wp-json\/wp\/v2\/product_tag?post=502190"}],"curies":[{"name":"wp","href":"https:\/\/api.w.org\/{rel}","templated":true}]}}