{"id":502167,"date":"2025-07-12T17:49:54","date_gmt":"2025-07-12T15:49:54","guid":{"rendered":"https:\/\/lucacastelli.com\/prodotto\/milwaukee-cle-a-tube\/"},"modified":"2025-07-12T17:49:54","modified_gmt":"2025-07-12T15:49:54","slug":"milwaukee-cle-a-tube","status":"publish","type":"product","link":"https:\/\/lucacastelli.com\/fr\/produit\/milwaukee-cle-a-tube\/","title":{"rendered":"MILWAUKEE Cl\u00e9 \u00e0 tube"},"content":{"rendered":"<p>M\u00e2choire surdimensionn\u00e9e pour une prise s\u00fbre sur les tuyaux et les raccords&nbsp;; Roue molet\u00e9e pour une pr\u00e9cision maximale dans le r\u00e9glage. Le gizing ne permet pas \u00e0 la m\u00e2choire de bouger de la position \u00e9tablie pour l\u2019application&nbsp;; Poign\u00e9e ergonomique pour un confort maximal ; M\u00e2choires tremp\u00e9es pour plus de r\u00e9sistance et d\u2019\u00e9tanch\u00e9it\u00e9&nbsp;; Boucle de lacet <\/p>\n","protected":false},"excerpt":{"rendered":"<p>M\u00e2choire surdimensionn\u00e9e pour une prise s\u00fbre sur les tuyaux et les raccords&nbsp;; Roue molet\u00e9e pour une pr\u00e9cision maximale dans le<\/p>\n","protected":false},"featured_media":483477,"template":"","meta":{"_seopress_robots_primary_cat":"","_seopress_titles_title":"","_seopress_titles_desc":"","_seopress_robots_index":""},"product_brand":[3656],"product_cat":[169,1535],"product_tag":[6837],"class_list":{"0":"post-502167","1":"product","2":"type-product","3":"status-publish","4":"has-post-thumbnail","6":"product_brand-milwaukee-de","7":"product_cat-maschinen","8":"product_cat-sagen","9":"product_tag-imp-26-mw_update","10":"sws-gruppo-macchinari-fr","11":"sws-conto-ricavi-merci-rivendita-macchinari-fr","12":"sws-gruppo-iva-iva81-fr","14":"first","15":"instock","16":"sale","17":"shipping-taxable","18":"purchasable","19":"product-type-simple"},"_links":{"self":[{"href":"https:\/\/lucacastelli.com\/fr\/wp-json\/wp\/v2\/product\/502167","targetHints":{"allow":["GET"]}}],"collection":[{"href":"https:\/\/lucacastelli.com\/fr\/wp-json\/wp\/v2\/product"}],"about":[{"href":"https:\/\/lucacastelli.com\/fr\/wp-json\/wp\/v2\/types\/product"}],"wp:featuredmedia":[{"embeddable":true,"href":"https:\/\/lucacastelli.com\/fr\/wp-json\/wp\/v2\/media\/483477"}],"wp:attachment":[{"href":"https:\/\/lucacastelli.com\/fr\/wp-json\/wp\/v2\/media?parent=502167"}],"wp:term":[{"taxonomy":"product_brand","embeddable":true,"href":"https:\/\/lucacastelli.com\/fr\/wp-json\/wp\/v2\/product_brand?post=502167"},{"taxonomy":"product_cat","embeddable":true,"href":"https:\/\/lucacastelli.com\/fr\/wp-json\/wp\/v2\/product_cat?post=502167"},{"taxonomy":"product_tag","embeddable":true,"href":"https:\/\/lucacastelli.com\/fr\/wp-json\/wp\/v2\/product_tag?post=502167"}],"curies":[{"name":"wp","href":"https:\/\/api.w.org\/{rel}","templated":true}]}}