{"id":502162,"date":"2025-07-12T17:49:53","date_gmt":"2025-07-12T15:49:53","guid":{"rendered":"https:\/\/lucacastelli.com\/prodotto\/milwaukee-cle-a-ecrou-et-a-taraudage-2\/"},"modified":"2026-04-16T02:16:36","modified_gmt":"2026-04-16T00:16:36","slug":"milwaukee-cle-a-ecrou-et-a-taraudage-2","status":"publish","type":"product","link":"https:\/\/lucacastelli.com\/fr\/produit\/milwaukee-cle-a-ecrou-et-a-taraudage-2\/","title":{"rendered":"MILWAUKEE Cl\u00e9 pour \u00e9crous et robinets"},"content":{"rendered":"<p>CL\u00c9 POUR \u00c9CROUS ROBINET 32-65 mm &#8211; 1 pce<br \/>\nDesign compatible avec cliquet 3\/8 pouces;Design \u00e0 levier pour un couple \u00e9lev\u00e9 sur les fixations bloqu\u00e9es;Plus confortable \u00e0 l&#8217;utilisation gr\u00e2ce \u00e0 son adaptabilit\u00e9;R\u00e9glage facile<\/p>\n<p>Cl\u00e9 pour \u00e9crous et robinets<br \/>\n045242366187<\/p>\n","protected":false},"excerpt":{"rendered":"<p>CL\u00c9 POUR \u00c9CROUS ROBINET 32-65 mm &#8211; 1 pce Design compatible avec cliquet 3\/8 pouces;Design \u00e0 levier pour un couple<\/p>\n","protected":false},"featured_media":483463,"template":"","meta":{"_seopress_robots_primary_cat":"","_seopress_titles_title":"","_seopress_titles_desc":"","_seopress_robots_index":""},"product_brand":[3407],"product_cat":[29,558],"product_tag":[6834],"class_list":{"0":"post-502162","1":"product","2":"type-product","3":"status-publish","4":"has-post-thumbnail","6":"product_brand-milwaukee","7":"product_cat-macchinari","8":"product_cat-seghe-accessori-vari","9":"product_tag-imp-26-mw_update","10":"sws-gruppo-macchinari-fr","11":"sws-conto-ricavi-merci-rivendita-macchinari-fr","12":"sws-gruppo-iva-iva81-fr","14":"first","15":"instock","16":"sale","17":"shipping-taxable","18":"purchasable","19":"product-type-simple"},"_links":{"self":[{"href":"https:\/\/lucacastelli.com\/fr\/wp-json\/wp\/v2\/product\/502162","targetHints":{"allow":["GET"]}}],"collection":[{"href":"https:\/\/lucacastelli.com\/fr\/wp-json\/wp\/v2\/product"}],"about":[{"href":"https:\/\/lucacastelli.com\/fr\/wp-json\/wp\/v2\/types\/product"}],"wp:featuredmedia":[{"embeddable":true,"href":"https:\/\/lucacastelli.com\/fr\/wp-json\/wp\/v2\/media\/483463"}],"wp:attachment":[{"href":"https:\/\/lucacastelli.com\/fr\/wp-json\/wp\/v2\/media?parent=502162"}],"wp:term":[{"taxonomy":"product_brand","embeddable":true,"href":"https:\/\/lucacastelli.com\/fr\/wp-json\/wp\/v2\/product_brand?post=502162"},{"taxonomy":"product_cat","embeddable":true,"href":"https:\/\/lucacastelli.com\/fr\/wp-json\/wp\/v2\/product_cat?post=502162"},{"taxonomy":"product_tag","embeddable":true,"href":"https:\/\/lucacastelli.com\/fr\/wp-json\/wp\/v2\/product_tag?post=502162"}],"curies":[{"name":"wp","href":"https:\/\/api.w.org\/{rel}","templated":true}]}}