{"id":502159,"date":"2025-07-12T17:49:51","date_gmt":"2025-07-12T15:49:51","guid":{"rendered":"https:\/\/lucacastelli.com\/prodotto\/milwaukee-ruban-a-mesurer-4\/"},"modified":"2025-07-12T17:49:51","modified_gmt":"2025-07-12T15:49:51","slug":"milwaukee-ruban-a-mesurer-4","status":"publish","type":"product","link":"https:\/\/lucacastelli.com\/fr\/produit\/milwaukee-ruban-a-mesurer-4\/","title":{"rendered":"MILWAUKEE Ruban \u00e0 mesurer"},"content":{"rendered":"<p>Lumi\u00e8re LED de 19 lumens pour \u00e9clairer la zone de travail ; Ruban en nylon laqu\u00e9 pour une bonne r\u00e9sistance \u00e0 l\u2019abrasion ; Cadre renforc\u00e9 en 4 points ; Valise en ABS avec poign\u00e9e souple pour plus de confort et de durabilit\u00e9&nbsp;; Conception plus ergonomique et plus compacte ; Aimant pour une mesure facile&nbsp;; 2 piles CR2016 incluses dans chaque ruban \u00e0 mesurer&nbsp;; Classe de pr\u00e9cision II&nbsp;;Ne peut \u00eatre command\u00e9 qu\u2019en cartons de 12 selon le code choisi<\/p>\n","protected":false},"excerpt":{"rendered":"<p>Lumi\u00e8re LED de 19 lumens pour \u00e9clairer la zone de travail ; Ruban en nylon laqu\u00e9 pour une bonne r\u00e9sistance<\/p>\n","protected":false},"featured_media":483424,"template":"","meta":{"_seopress_robots_primary_cat":"","_seopress_titles_title":"","_seopress_titles_desc":"","_seopress_robots_index":""},"product_brand":[3407],"product_cat":[29,558],"product_tag":[3270],"class_list":{"0":"post-502159","1":"product","2":"type-product","3":"status-publish","4":"has-post-thumbnail","6":"product_brand-milwaukee","7":"product_cat-macchinari","8":"product_cat-seghe-accessori-vari","9":"product_tag-import-milwau","10":"sws-gruppo-macchinari-fr","11":"sws-conto-ricavi-merci-rivendita-macchinari-fr","12":"sws-gruppo-iva-iva81-fr","14":"first","15":"instock","16":"sale","17":"shipping-taxable","18":"purchasable","19":"product-type-simple"},"_links":{"self":[{"href":"https:\/\/lucacastelli.com\/fr\/wp-json\/wp\/v2\/product\/502159","targetHints":{"allow":["GET"]}}],"collection":[{"href":"https:\/\/lucacastelli.com\/fr\/wp-json\/wp\/v2\/product"}],"about":[{"href":"https:\/\/lucacastelli.com\/fr\/wp-json\/wp\/v2\/types\/product"}],"wp:featuredmedia":[{"embeddable":true,"href":"https:\/\/lucacastelli.com\/fr\/wp-json\/wp\/v2\/media\/483424"}],"wp:attachment":[{"href":"https:\/\/lucacastelli.com\/fr\/wp-json\/wp\/v2\/media?parent=502159"}],"wp:term":[{"taxonomy":"product_brand","embeddable":true,"href":"https:\/\/lucacastelli.com\/fr\/wp-json\/wp\/v2\/product_brand?post=502159"},{"taxonomy":"product_cat","embeddable":true,"href":"https:\/\/lucacastelli.com\/fr\/wp-json\/wp\/v2\/product_cat?post=502159"},{"taxonomy":"product_tag","embeddable":true,"href":"https:\/\/lucacastelli.com\/fr\/wp-json\/wp\/v2\/product_tag?post=502159"}],"curies":[{"name":"wp","href":"https:\/\/api.w.org\/{rel}","templated":true}]}}