{"id":502153,"date":"2025-07-12T17:49:50","date_gmt":"2025-07-12T15:49:50","guid":{"rendered":"https:\/\/lucacastelli.com\/prodotto\/coupe-diagonale-milwaukee\/"},"modified":"2025-07-12T17:49:50","modified_gmt":"2025-07-12T15:49:50","slug":"coupe-diagonale-milwaukee","status":"publish","type":"product","link":"https:\/\/lucacastelli.com\/fr\/produit\/coupe-diagonale-milwaukee\/","title":{"rendered":"Coupe-diagonale MILWAUKEE"},"content":{"rendered":"<p>Tranchants en carbure pour une dur\u00e9e de vie plus longue de la lame ; Poign\u00e9e en caoutchouc pour une meilleure adh\u00e9rence lors de l\u2019application. La composition de la poign\u00e9e ne r\u00e9chauffe pas les mains pendant l\u2019utilisation&nbsp;; T\u00eate arrondie. Cela vous permet de ne pas l\u2019endommager lors de l\u2019application&nbsp;; Conception durable pour une durabilit\u00e9 maximale m\u00eame dans les environnements les plus difficiles&nbsp;; Obsidienne noire pour une protection maximale contre la rouille  <\/p>\n","protected":false},"excerpt":{"rendered":"<p>Tranchants en carbure pour une dur\u00e9e de vie plus longue de la lame ; Poign\u00e9e en caoutchouc pour une meilleure<\/p>\n","protected":false},"featured_media":483407,"template":"","meta":{"_seopress_robots_primary_cat":"","_seopress_titles_title":"","_seopress_titles_desc":"","_seopress_robots_index":""},"product_brand":[3407],"product_cat":[29,558],"product_tag":[3270],"class_list":{"0":"post-502153","1":"product","2":"type-product","3":"status-publish","4":"has-post-thumbnail","6":"product_brand-milwaukee","7":"product_cat-macchinari","8":"product_cat-seghe-accessori-vari","9":"product_tag-import-milwau","10":"sws-gruppo-macchinari-fr","11":"sws-conto-ricavi-merci-rivendita-macchinari-fr","12":"sws-gruppo-iva-iva81-fr","14":"first","15":"instock","16":"sale","17":"shipping-taxable","18":"purchasable","19":"product-type-simple"},"_links":{"self":[{"href":"https:\/\/lucacastelli.com\/fr\/wp-json\/wp\/v2\/product\/502153","targetHints":{"allow":["GET"]}}],"collection":[{"href":"https:\/\/lucacastelli.com\/fr\/wp-json\/wp\/v2\/product"}],"about":[{"href":"https:\/\/lucacastelli.com\/fr\/wp-json\/wp\/v2\/types\/product"}],"wp:featuredmedia":[{"embeddable":true,"href":"https:\/\/lucacastelli.com\/fr\/wp-json\/wp\/v2\/media\/483407"}],"wp:attachment":[{"href":"https:\/\/lucacastelli.com\/fr\/wp-json\/wp\/v2\/media?parent=502153"}],"wp:term":[{"taxonomy":"product_brand","embeddable":true,"href":"https:\/\/lucacastelli.com\/fr\/wp-json\/wp\/v2\/product_brand?post=502153"},{"taxonomy":"product_cat","embeddable":true,"href":"https:\/\/lucacastelli.com\/fr\/wp-json\/wp\/v2\/product_cat?post=502153"},{"taxonomy":"product_tag","embeddable":true,"href":"https:\/\/lucacastelli.com\/fr\/wp-json\/wp\/v2\/product_tag?post=502153"}],"curies":[{"name":"wp","href":"https:\/\/api.w.org\/{rel}","templated":true}]}}