{"id":502152,"date":"2025-07-12T17:49:48","date_gmt":"2025-07-12T15:49:48","guid":{"rendered":"https:\/\/lucacastelli.com\/prodotto\/milwaukee-pince-utilitaire\/"},"modified":"2025-07-12T17:49:48","modified_gmt":"2025-07-12T15:49:48","slug":"milwaukee-pince-utilitaire","status":"publish","type":"product","link":"https:\/\/lucacastelli.com\/fr\/produit\/milwaukee-pince-utilitaire\/","title":{"rendered":"MILWAUKEE Pince utilitaire"},"content":{"rendered":"<p>Pour les applications de coupe et de pr\u00e9hension&nbsp;; Poign\u00e9e longue pour transf\u00e9rer une force maximale lors de l\u2019application&nbsp;; \u00c9limination des bavures avec la partie sup\u00e9rieure de l\u2019outil pour les tuyaux d\u2019un diam\u00e8tre allant jusqu\u2019\u00e0 25 mm&nbsp;;Extraction des clous gr\u00e2ce \u00e0 une prise \u00e9lev\u00e9e&nbsp;; Mors en carbure tremp\u00e9 64 HRC&nbsp;; fentes sur le point d\u2019appui de l\u2019outil d\u00e9di\u00e9es \u00e0 la coupe de clous\/boulons et de vis&nbsp;; Corps sp\u00e9cial en acier au chrome vanadium pour la durabilit\u00e9 et la r\u00e9sistance \u00e0 la rouille&nbsp;; Poign\u00e9e souple&nbsp;; M\u00e2choires dentel\u00e9es pour une meilleure adh\u00e9rence lors du serrage et de l\u2019extraction<\/p>\n","protected":false},"excerpt":{"rendered":"<p>Pour les applications de coupe et de pr\u00e9hension&nbsp;; Poign\u00e9e longue pour transf\u00e9rer une force maximale lors de l\u2019application&nbsp;; \u00c9limination des<\/p>\n","protected":false},"featured_media":483377,"template":"","meta":{"_seopress_robots_primary_cat":"","_seopress_titles_title":"","_seopress_titles_desc":"","_seopress_robots_index":""},"product_brand":[3407],"product_cat":[29,558],"product_tag":[3270],"class_list":{"0":"post-502152","1":"product","2":"type-product","3":"status-publish","4":"has-post-thumbnail","6":"product_brand-milwaukee","7":"product_cat-macchinari","8":"product_cat-seghe-accessori-vari","9":"product_tag-import-milwau","10":"sws-gruppo-macchinari-fr","11":"sws-conto-ricavi-merci-rivendita-macchinari-fr","12":"sws-gruppo-iva-iva81-fr","14":"first","15":"instock","16":"sale","17":"shipping-taxable","18":"purchasable","19":"product-type-simple"},"_links":{"self":[{"href":"https:\/\/lucacastelli.com\/fr\/wp-json\/wp\/v2\/product\/502152","targetHints":{"allow":["GET"]}}],"collection":[{"href":"https:\/\/lucacastelli.com\/fr\/wp-json\/wp\/v2\/product"}],"about":[{"href":"https:\/\/lucacastelli.com\/fr\/wp-json\/wp\/v2\/types\/product"}],"wp:featuredmedia":[{"embeddable":true,"href":"https:\/\/lucacastelli.com\/fr\/wp-json\/wp\/v2\/media\/483377"}],"wp:attachment":[{"href":"https:\/\/lucacastelli.com\/fr\/wp-json\/wp\/v2\/media?parent=502152"}],"wp:term":[{"taxonomy":"product_brand","embeddable":true,"href":"https:\/\/lucacastelli.com\/fr\/wp-json\/wp\/v2\/product_brand?post=502152"},{"taxonomy":"product_cat","embeddable":true,"href":"https:\/\/lucacastelli.com\/fr\/wp-json\/wp\/v2\/product_cat?post=502152"},{"taxonomy":"product_tag","embeddable":true,"href":"https:\/\/lucacastelli.com\/fr\/wp-json\/wp\/v2\/product_tag?post=502152"}],"curies":[{"name":"wp","href":"https:\/\/api.w.org\/{rel}","templated":true}]}}