{"id":502147,"date":"2025-07-12T17:49:49","date_gmt":"2025-07-12T15:49:49","guid":{"rendered":"https:\/\/lucacastelli.com\/prodotto\/milwaukee-coupe-cables\/"},"modified":"2025-07-12T17:49:49","modified_gmt":"2025-07-12T15:49:49","slug":"milwaukee-coupe-cables","status":"publish","type":"product","link":"https:\/\/lucacastelli.com\/fr\/produit\/milwaukee-coupe-cables\/","title":{"rendered":"MILWAUKEE Coupe-c\u00e2bles"},"content":{"rendered":"<p>La meilleure qualit\u00e9 de coupe de sa cat\u00e9gorie : coupe pr\u00e9cise et nette ; Confort d\u2019utilisation : poign\u00e9e en caoutchouc pour une meilleure prise en main lors de l\u2019application. La composition de la poign\u00e9e ne r\u00e9chauffe pas les mains pendant l\u2019utilisation&nbsp;; Conception durable : durabilit\u00e9 m\u00eame dans les environnements et les applications les plus difficiles ; Protection contre la rouille \u00e0 l\u2019oxyde noir pour plus de durabilit\u00e9 <\/p>\n","protected":false},"excerpt":{"rendered":"<p>La meilleure qualit\u00e9 de coupe de sa cat\u00e9gorie : coupe pr\u00e9cise et nette ; Confort d\u2019utilisation : poign\u00e9e en caoutchouc<\/p>\n","protected":false},"featured_media":483394,"template":"","meta":{"_seopress_robots_primary_cat":"","_seopress_titles_title":"","_seopress_titles_desc":"","_seopress_robots_index":""},"product_brand":[3407],"product_cat":[29,558],"product_tag":[3270],"class_list":{"0":"post-502147","1":"product","2":"type-product","3":"status-publish","4":"has-post-thumbnail","6":"product_brand-milwaukee","7":"product_cat-macchinari","8":"product_cat-seghe-accessori-vari","9":"product_tag-import-milwau","10":"sws-gruppo-macchinari-fr","11":"sws-conto-ricavi-merci-rivendita-macchinari-fr","12":"sws-gruppo-iva-iva81-fr","14":"first","15":"instock","16":"sale","17":"shipping-taxable","18":"purchasable","19":"product-type-simple"},"_links":{"self":[{"href":"https:\/\/lucacastelli.com\/fr\/wp-json\/wp\/v2\/product\/502147","targetHints":{"allow":["GET"]}}],"collection":[{"href":"https:\/\/lucacastelli.com\/fr\/wp-json\/wp\/v2\/product"}],"about":[{"href":"https:\/\/lucacastelli.com\/fr\/wp-json\/wp\/v2\/types\/product"}],"wp:featuredmedia":[{"embeddable":true,"href":"https:\/\/lucacastelli.com\/fr\/wp-json\/wp\/v2\/media\/483394"}],"wp:attachment":[{"href":"https:\/\/lucacastelli.com\/fr\/wp-json\/wp\/v2\/media?parent=502147"}],"wp:term":[{"taxonomy":"product_brand","embeddable":true,"href":"https:\/\/lucacastelli.com\/fr\/wp-json\/wp\/v2\/product_brand?post=502147"},{"taxonomy":"product_cat","embeddable":true,"href":"https:\/\/lucacastelli.com\/fr\/wp-json\/wp\/v2\/product_cat?post=502147"},{"taxonomy":"product_tag","embeddable":true,"href":"https:\/\/lucacastelli.com\/fr\/wp-json\/wp\/v2\/product_tag?post=502147"}],"curies":[{"name":"wp","href":"https:\/\/api.w.org\/{rel}","templated":true}]}}