{"id":502146,"date":"2025-07-12T17:49:47","date_gmt":"2025-07-12T15:49:47","guid":{"rendered":"https:\/\/lucacastelli.com\/prodotto\/milwaukee-ruban-a-mesurer-3\/"},"modified":"2025-07-12T17:49:47","modified_gmt":"2025-07-12T15:49:47","slug":"milwaukee-ruban-a-mesurer-3","status":"publish","type":"product","link":"https:\/\/lucacastelli.com\/fr\/produit\/milwaukee-ruban-a-mesurer-3\/","title":{"rendered":"MILWAUKEE Ruban \u00e0 mesurer"},"content":{"rendered":"<p>5 vis qui augmentent la r\u00e9sistance en cas de chute. 10 fois plus r\u00e9sistant ; Largeur du ruban de 13 mm&nbsp;;Recouvert d\u2019un tissage en nylon qui le rend tr\u00e8s r\u00e9sistant \u00e0 l\u2019usure&nbsp;; Ergonomique et confortable pour des mesures faciles <\/p>\n","protected":false},"excerpt":{"rendered":"<p>5 vis qui augmentent la r\u00e9sistance en cas de chute. 10 fois plus r\u00e9sistant ; Largeur du ruban de 13<\/p>\n","protected":false},"featured_media":483356,"template":"","meta":{"_seopress_robots_primary_cat":"","_seopress_titles_title":"","_seopress_titles_desc":"","_seopress_robots_index":""},"product_brand":[3407],"product_cat":[29,558],"product_tag":[3270],"class_list":{"0":"post-502146","1":"product","2":"type-product","3":"status-publish","4":"has-post-thumbnail","6":"product_brand-milwaukee","7":"product_cat-macchinari","8":"product_cat-seghe-accessori-vari","9":"product_tag-import-milwau","10":"sws-gruppo-macchinari-fr","11":"sws-conto-ricavi-merci-rivendita-macchinari-fr","12":"sws-gruppo-iva-iva81-fr","14":"first","15":"instock","16":"sale","17":"shipping-taxable","18":"purchasable","19":"product-type-simple"},"_links":{"self":[{"href":"https:\/\/lucacastelli.com\/fr\/wp-json\/wp\/v2\/product\/502146","targetHints":{"allow":["GET"]}}],"collection":[{"href":"https:\/\/lucacastelli.com\/fr\/wp-json\/wp\/v2\/product"}],"about":[{"href":"https:\/\/lucacastelli.com\/fr\/wp-json\/wp\/v2\/types\/product"}],"wp:featuredmedia":[{"embeddable":true,"href":"https:\/\/lucacastelli.com\/fr\/wp-json\/wp\/v2\/media\/483356"}],"wp:attachment":[{"href":"https:\/\/lucacastelli.com\/fr\/wp-json\/wp\/v2\/media?parent=502146"}],"wp:term":[{"taxonomy":"product_brand","embeddable":true,"href":"https:\/\/lucacastelli.com\/fr\/wp-json\/wp\/v2\/product_brand?post=502146"},{"taxonomy":"product_cat","embeddable":true,"href":"https:\/\/lucacastelli.com\/fr\/wp-json\/wp\/v2\/product_cat?post=502146"},{"taxonomy":"product_tag","embeddable":true,"href":"https:\/\/lucacastelli.com\/fr\/wp-json\/wp\/v2\/product_tag?post=502146"}],"curies":[{"name":"wp","href":"https:\/\/api.w.org\/{rel}","templated":true}]}}