{"id":502140,"date":"2025-07-12T17:49:45","date_gmt":"2025-07-12T15:49:45","guid":{"rendered":"https:\/\/lucacastelli.com\/prodotto\/milwaukee-roue-a-boitier-ouvert-3\/"},"modified":"2026-04-16T02:17:42","modified_gmt":"2026-04-16T00:17:42","slug":"milwaukee-roue-a-boitier-ouvert-3","status":"publish","type":"product","link":"https:\/\/lucacastelli.com\/fr\/produit\/milwaukee-roue-a-boitier-ouvert-3\/","title":{"rendered":"MILWAUKEE Mesure longue \u00e0 bo\u00eetier ouvert"},"content":{"rendered":"<p>RUBAN M\u00c9TR\/IMP\u00c9R FIBRE 60 m\/200 ft 1 pce<br \/>\nLe ruban en fibre de verre garantit une plus grande l\u00e9g\u00e8ret\u00e9 ; Engrenages plan\u00e9taires 3:1 pour une dur\u00e9e de vie jusqu\u2019\u00e0 10 fois sup\u00e9rieure aux engrenages standards ; Dispositif d\u2019\u00e9limination des d\u00e9bris : maintient le ruban propre et exempt de mat\u00e9riaux abrasifs ; \u00c9chelle imprim\u00e9e des deux c\u00f4t\u00e9s. \u00c9chelle m\u00e9trique au-dessus et imp\u00e9riale au-dessous <\/p>\n<p>Mesure longue \u00e0 bo\u00eetier ouvert et ruban en fibre de verre<br \/>\n045242527748<\/p>\n","protected":false},"excerpt":{"rendered":"<p>RUBAN M\u00c9TR\/IMP\u00c9R FIBRE 60 m\/200 ft 1 pce Le ruban en fibre de verre garantit une plus grande l\u00e9g\u00e8ret\u00e9 ;<\/p>\n","protected":false},"featured_media":483337,"template":"","meta":{"_seopress_robots_primary_cat":"","_seopress_titles_title":"","_seopress_titles_desc":"","_seopress_robots_index":""},"product_brand":[3407],"product_cat":[29,558],"product_tag":[6834],"class_list":{"0":"post-502140","1":"product","2":"type-product","3":"status-publish","4":"has-post-thumbnail","6":"product_brand-milwaukee","7":"product_cat-macchinari","8":"product_cat-seghe-accessori-vari","9":"product_tag-imp-26-mw_update","10":"sws-gruppo-macchinari-fr","11":"sws-conto-ricavi-merci-rivendita-macchinari-fr","12":"sws-gruppo-iva-iva81-fr","14":"first","15":"instock","16":"sale","17":"shipping-taxable","18":"purchasable","19":"product-type-simple"},"_links":{"self":[{"href":"https:\/\/lucacastelli.com\/fr\/wp-json\/wp\/v2\/product\/502140","targetHints":{"allow":["GET"]}}],"collection":[{"href":"https:\/\/lucacastelli.com\/fr\/wp-json\/wp\/v2\/product"}],"about":[{"href":"https:\/\/lucacastelli.com\/fr\/wp-json\/wp\/v2\/types\/product"}],"wp:featuredmedia":[{"embeddable":true,"href":"https:\/\/lucacastelli.com\/fr\/wp-json\/wp\/v2\/media\/483337"}],"wp:attachment":[{"href":"https:\/\/lucacastelli.com\/fr\/wp-json\/wp\/v2\/media?parent=502140"}],"wp:term":[{"taxonomy":"product_brand","embeddable":true,"href":"https:\/\/lucacastelli.com\/fr\/wp-json\/wp\/v2\/product_brand?post=502140"},{"taxonomy":"product_cat","embeddable":true,"href":"https:\/\/lucacastelli.com\/fr\/wp-json\/wp\/v2\/product_cat?post=502140"},{"taxonomy":"product_tag","embeddable":true,"href":"https:\/\/lucacastelli.com\/fr\/wp-json\/wp\/v2\/product_tag?post=502140"}],"curies":[{"name":"wp","href":"https:\/\/api.w.org\/{rel}","templated":true}]}}