{"id":502132,"date":"2025-07-12T17:49:42","date_gmt":"2025-07-12T15:49:42","guid":{"rendered":"https:\/\/lucacastelli.com\/prodotto\/milwaukee-roue-a-boitier-ouvert\/"},"modified":"2025-07-12T17:49:42","modified_gmt":"2025-07-12T15:49:42","slug":"milwaukee-roue-a-boitier-ouvert","status":"publish","type":"product","link":"https:\/\/lucacastelli.com\/fr\/produit\/milwaukee-roue-a-boitier-ouvert\/","title":{"rendered":"MILWAUKEE Roue \u00e0 bo\u00eetier ouvert"},"content":{"rendered":"<p>Ruban d\u2019acier avec rev\u00eatement en nylon (rev\u00eatement en nylon suppl\u00e9mentaire) pour plus de durabilit\u00e9&nbsp;; 50 % moins \u00e9lastique que les rubans \u00e0 mesurer en fibre de verre&nbsp;; Structure m\u00e9tallique renforc\u00e9e, plus grande r\u00e9sistance aux chutes&nbsp;; Engrenages plan\u00e9taires 3:1 pour une dur\u00e9e de vie jusqu\u2019\u00e0 10 fois plus longue que les engrenages standard ; Dispositif d\u2019\u00e9limination des d\u00e9bris : Maintient la bande propre et exempte de mat\u00e9riaux abrasifs ; Pr\u00e9cision de classe II&nbsp;;\u00c9chelle imprim\u00e9e des deux c\u00f4t\u00e9s. \u00c9chelle m\u00e9trique au-dessus et imp\u00e9riale en dessous <\/p>\n","protected":false},"excerpt":{"rendered":"<p>Ruban d\u2019acier avec rev\u00eatement en nylon (rev\u00eatement en nylon suppl\u00e9mentaire) pour plus de durabilit\u00e9&nbsp;; 50 % moins \u00e9lastique que les<\/p>\n","protected":false},"featured_media":483248,"template":"","meta":{"_seopress_robots_primary_cat":"","_seopress_titles_title":"","_seopress_titles_desc":"","_seopress_robots_index":""},"product_brand":[3407],"product_cat":[29,558],"product_tag":[3270],"class_list":{"0":"post-502132","1":"product","2":"type-product","3":"status-publish","4":"has-post-thumbnail","6":"product_brand-milwaukee","7":"product_cat-macchinari","8":"product_cat-seghe-accessori-vari","9":"product_tag-import-milwau","10":"sws-gruppo-macchinari-fr","11":"sws-conto-ricavi-merci-rivendita-macchinari-fr","12":"sws-gruppo-iva-iva81-fr","14":"first","15":"instock","16":"sale","17":"shipping-taxable","18":"purchasable","19":"product-type-simple"},"_links":{"self":[{"href":"https:\/\/lucacastelli.com\/fr\/wp-json\/wp\/v2\/product\/502132","targetHints":{"allow":["GET"]}}],"collection":[{"href":"https:\/\/lucacastelli.com\/fr\/wp-json\/wp\/v2\/product"}],"about":[{"href":"https:\/\/lucacastelli.com\/fr\/wp-json\/wp\/v2\/types\/product"}],"wp:featuredmedia":[{"embeddable":true,"href":"https:\/\/lucacastelli.com\/fr\/wp-json\/wp\/v2\/media\/483248"}],"wp:attachment":[{"href":"https:\/\/lucacastelli.com\/fr\/wp-json\/wp\/v2\/media?parent=502132"}],"wp:term":[{"taxonomy":"product_brand","embeddable":true,"href":"https:\/\/lucacastelli.com\/fr\/wp-json\/wp\/v2\/product_brand?post=502132"},{"taxonomy":"product_cat","embeddable":true,"href":"https:\/\/lucacastelli.com\/fr\/wp-json\/wp\/v2\/product_cat?post=502132"},{"taxonomy":"product_tag","embeddable":true,"href":"https:\/\/lucacastelli.com\/fr\/wp-json\/wp\/v2\/product_tag?post=502132"}],"curies":[{"name":"wp","href":"https:\/\/api.w.org\/{rel}","templated":true}]}}