{"id":502126,"date":"2025-07-12T17:49:41","date_gmt":"2025-07-12T15:49:41","guid":{"rendered":"https:\/\/lucacastelli.com\/prodotto\/milwaukee-ruban-a-mesurer-2\/"},"modified":"2025-07-12T17:49:41","modified_gmt":"2025-07-12T15:49:41","slug":"milwaukee-ruban-a-mesurer-2","status":"publish","type":"product","link":"https:\/\/lucacastelli.com\/fr\/produit\/milwaukee-ruban-a-mesurer-2\/","title":{"rendered":"MILWAUKEE Ruban \u00e0 mesurer"},"content":{"rendered":"<p>\u00c9chelle unilat\u00e9rale de 30 m avec une largeur de bande de 9,5 mm ;Dispositif d\u2019\u00e9limination des d\u00e9bris : maintient la bande propre et exempte de mat\u00e9riaux abrasifs ; Conception ultra-durable : Bo\u00eetier en m\u00e9tal renforc\u00e9, poign\u00e9e renforc\u00e9e et ruban d\u2019acier avec rev\u00eatement en nylon ; Engrenages plan\u00e9taires 3:1 pour une dur\u00e9e de vie jusqu\u2019\u00e0 10 fois plus longue que les engrenages standard ; Classe de pr\u00e9cision II<\/p>\n","protected":false},"excerpt":{"rendered":"<p>\u00c9chelle unilat\u00e9rale de 30 m avec une largeur de bande de 9,5 mm ;Dispositif d\u2019\u00e9limination des d\u00e9bris : maintient la<\/p>\n","protected":false},"featured_media":483215,"template":"","meta":{"_seopress_robots_primary_cat":"","_seopress_titles_title":"","_seopress_titles_desc":"","_seopress_robots_index":""},"product_brand":[3407],"product_cat":[29,558],"product_tag":[3270],"class_list":{"0":"post-502126","1":"product","2":"type-product","3":"status-publish","4":"has-post-thumbnail","6":"product_brand-milwaukee","7":"product_cat-macchinari","8":"product_cat-seghe-accessori-vari","9":"product_tag-import-milwau","10":"sws-gruppo-macchinari-fr","11":"sws-conto-ricavi-merci-rivendita-macchinari-fr","12":"sws-gruppo-iva-iva81-fr","14":"first","15":"instock","16":"sale","17":"shipping-taxable","18":"purchasable","19":"product-type-simple"},"_links":{"self":[{"href":"https:\/\/lucacastelli.com\/fr\/wp-json\/wp\/v2\/product\/502126","targetHints":{"allow":["GET"]}}],"collection":[{"href":"https:\/\/lucacastelli.com\/fr\/wp-json\/wp\/v2\/product"}],"about":[{"href":"https:\/\/lucacastelli.com\/fr\/wp-json\/wp\/v2\/types\/product"}],"wp:featuredmedia":[{"embeddable":true,"href":"https:\/\/lucacastelli.com\/fr\/wp-json\/wp\/v2\/media\/483215"}],"wp:attachment":[{"href":"https:\/\/lucacastelli.com\/fr\/wp-json\/wp\/v2\/media?parent=502126"}],"wp:term":[{"taxonomy":"product_brand","embeddable":true,"href":"https:\/\/lucacastelli.com\/fr\/wp-json\/wp\/v2\/product_brand?post=502126"},{"taxonomy":"product_cat","embeddable":true,"href":"https:\/\/lucacastelli.com\/fr\/wp-json\/wp\/v2\/product_cat?post=502126"},{"taxonomy":"product_tag","embeddable":true,"href":"https:\/\/lucacastelli.com\/fr\/wp-json\/wp\/v2\/product_tag?post=502126"}],"curies":[{"name":"wp","href":"https:\/\/api.w.org\/{rel}","templated":true}]}}