{"id":502117,"date":"2025-07-12T17:49:37","date_gmt":"2025-07-12T15:49:37","guid":{"rendered":"https:\/\/lucacastelli.com\/prodotto\/milwaukee-stylo-lissant-smudge\/"},"modified":"2025-07-12T17:49:37","modified_gmt":"2025-07-12T15:49:37","slug":"milwaukee-stylo-lissant-smudge","status":"publish","type":"product","link":"https:\/\/lucacastelli.com\/fr\/produit\/milwaukee-stylo-lissant-smudge\/","title":{"rendered":"MILWAUKEE Stylo lissant Smudge"},"content":{"rendered":"<p>Vous permet d\u2019\u00e9bavurer facilement les tuyaux en cuivre et en PVC&nbsp;; Fabriqu\u00e9 enti\u00e8rement en m\u00e9tal pour une durabilit\u00e9 sur le lieu de travail&nbsp;; Lame tremp\u00e9e et rev\u00eatue d\u2019oxyde noir pour plus de durabilit\u00e9&nbsp;; Fixation pratique et durable pour fixer le stylo \u00e0 votre poche ou \u00e0 votre sac<\/p>\n","protected":false},"excerpt":{"rendered":"<p>Vous permet d\u2019\u00e9bavurer facilement les tuyaux en cuivre et en PVC&nbsp;; Fabriqu\u00e9 enti\u00e8rement en m\u00e9tal pour une durabilit\u00e9 sur le<\/p>\n","protected":false},"featured_media":483194,"template":"","meta":{"_seopress_robots_primary_cat":"","_seopress_titles_title":"","_seopress_titles_desc":"","_seopress_robots_index":""},"product_brand":[3656],"product_cat":[169,1535],"product_tag":[6837],"class_list":{"0":"post-502117","1":"product","2":"type-product","3":"status-publish","4":"has-post-thumbnail","6":"product_brand-milwaukee-de","7":"product_cat-maschinen","8":"product_cat-sagen","9":"product_tag-imp-26-mw_update","10":"sws-gruppo-macchinari-fr","11":"sws-conto-ricavi-merci-rivendita-macchinari-fr","12":"sws-gruppo-iva-iva81-fr","14":"first","15":"instock","16":"sale","17":"shipping-taxable","18":"purchasable","19":"product-type-simple"},"_links":{"self":[{"href":"https:\/\/lucacastelli.com\/fr\/wp-json\/wp\/v2\/product\/502117","targetHints":{"allow":["GET"]}}],"collection":[{"href":"https:\/\/lucacastelli.com\/fr\/wp-json\/wp\/v2\/product"}],"about":[{"href":"https:\/\/lucacastelli.com\/fr\/wp-json\/wp\/v2\/types\/product"}],"wp:featuredmedia":[{"embeddable":true,"href":"https:\/\/lucacastelli.com\/fr\/wp-json\/wp\/v2\/media\/483194"}],"wp:attachment":[{"href":"https:\/\/lucacastelli.com\/fr\/wp-json\/wp\/v2\/media?parent=502117"}],"wp:term":[{"taxonomy":"product_brand","embeddable":true,"href":"https:\/\/lucacastelli.com\/fr\/wp-json\/wp\/v2\/product_brand?post=502117"},{"taxonomy":"product_cat","embeddable":true,"href":"https:\/\/lucacastelli.com\/fr\/wp-json\/wp\/v2\/product_cat?post=502117"},{"taxonomy":"product_tag","embeddable":true,"href":"https:\/\/lucacastelli.com\/fr\/wp-json\/wp\/v2\/product_tag?post=502117"}],"curies":[{"name":"wp","href":"https:\/\/api.w.org\/{rel}","templated":true}]}}