{"id":502113,"date":"2025-07-12T17:49:33","date_gmt":"2025-07-12T15:49:33","guid":{"rendered":"https:\/\/lucacastelli.com\/prodotto\/milwaukee-marqueurs-a-peinture-liquide-3\/"},"modified":"2025-07-12T17:49:33","modified_gmt":"2025-07-12T15:49:33","slug":"milwaukee-marqueurs-a-peinture-liquide-3","status":"publish","type":"product","link":"https:\/\/lucacastelli.com\/fr\/produit\/milwaukee-marqueurs-a-peinture-liquide-3\/","title":{"rendered":"MILWAUKEE Marqueurs \u00e0 peinture liquide"},"content":{"rendered":"<p>Fuite de liquide par la soupape ; Pointe en acrylique pour les conditions de travail les plus exigeantes : temp\u00e9rature de surface de -10\u00b0 \u00e0 +145 ; Marquage sur des surfaces sombres o\u00f9 les marqueurs traditionnels ne sont pas facilement visibles&nbsp;; Il peut \u00eatre utilis\u00e9 sur des surfaces rugueuses, poussi\u00e9reuses et grasses ; Pour une utilisation sur le b\u00e9ton, les tuyaux noirs, l\u2019aluminium, le PVC, l\u2019acier et l\u2019acier inoxydable, le caoutchouc et les pneus&nbsp;; Temps de s\u00e9chage 10 secondes&nbsp;; Marquage r\u00e9sistant \u00e0 l\u2019eau et aux UV&nbsp;; Marqueurs ind\u00e9l\u00e9biles. Les marquages durent jusqu\u2019\u00e0 6 mois ; Corps en m\u00e9tal pour une durabilit\u00e9 maximale ; Peinture sans xyl\u00e8ne&nbsp;; IMPORTANT&nbsp;: Secouez le marqueur avec le capuchon. Retirez le capuchon et pressez d\u00e9licatement l\u2019embout vers la surface \u00e0 marquer, en attendant que le liquide s\u2019\u00e9coule dans l\u2019embout  <\/p>\n","protected":false},"excerpt":{"rendered":"<p>Fuite de liquide par la soupape ; Pointe en acrylique pour les conditions de travail les plus exigeantes : temp\u00e9rature<\/p>\n","protected":false},"featured_media":483115,"template":"","meta":{"_seopress_robots_primary_cat":"","_seopress_titles_title":"","_seopress_titles_desc":"","_seopress_robots_index":""},"product_brand":[3407],"product_cat":[29,558],"product_tag":[3270],"class_list":{"0":"post-502113","1":"product","2":"type-product","3":"status-publish","4":"has-post-thumbnail","6":"product_brand-milwaukee","7":"product_cat-macchinari","8":"product_cat-seghe-accessori-vari","9":"product_tag-import-milwau","10":"sws-gruppo-macchinari-fr","11":"sws-conto-ricavi-merci-rivendita-macchinari-fr","12":"sws-gruppo-iva-iva81-fr","14":"first","15":"instock","16":"sale","17":"shipping-taxable","18":"purchasable","19":"product-type-simple"},"_links":{"self":[{"href":"https:\/\/lucacastelli.com\/fr\/wp-json\/wp\/v2\/product\/502113","targetHints":{"allow":["GET"]}}],"collection":[{"href":"https:\/\/lucacastelli.com\/fr\/wp-json\/wp\/v2\/product"}],"about":[{"href":"https:\/\/lucacastelli.com\/fr\/wp-json\/wp\/v2\/types\/product"}],"wp:featuredmedia":[{"embeddable":true,"href":"https:\/\/lucacastelli.com\/fr\/wp-json\/wp\/v2\/media\/483115"}],"wp:attachment":[{"href":"https:\/\/lucacastelli.com\/fr\/wp-json\/wp\/v2\/media?parent=502113"}],"wp:term":[{"taxonomy":"product_brand","embeddable":true,"href":"https:\/\/lucacastelli.com\/fr\/wp-json\/wp\/v2\/product_brand?post=502113"},{"taxonomy":"product_cat","embeddable":true,"href":"https:\/\/lucacastelli.com\/fr\/wp-json\/wp\/v2\/product_cat?post=502113"},{"taxonomy":"product_tag","embeddable":true,"href":"https:\/\/lucacastelli.com\/fr\/wp-json\/wp\/v2\/product_tag?post=502113"}],"curies":[{"name":"wp","href":"https:\/\/api.w.org\/{rel}","templated":true}]}}