{"id":502102,"date":"2025-07-12T17:49:31","date_gmt":"2025-07-12T15:49:31","guid":{"rendered":"https:\/\/lucacastelli.com\/prodotto\/milwaukee-pince-anti-chaine\/"},"modified":"2025-07-12T17:49:31","modified_gmt":"2025-07-12T15:49:31","slug":"milwaukee-pince-anti-chaine","status":"publish","type":"product","link":"https:\/\/lucacastelli.com\/fr\/produit\/milwaukee-pince-anti-chaine\/","title":{"rendered":"MILWAUKEE Pince anti-cha\u00eene"},"content":{"rendered":"<p>Pince autobloquante TORQUE LOCK \u2122 : installation rapide et facile sur des surfaces planes et rondes. Une force suppl\u00e9mentaire peut \u00eatre appliqu\u00e9e. \u00c9galement \u00e0 utiliser pour suspendre ou stocker du mat\u00e9riel&nbsp;; Chrom\u00e9, pour une protection maximale contre la rouille et une corrosion r\u00e9duite&nbsp;; Levier de d\u00e9verrouillage pour faciliter l\u2019utilisation lors de l\u2019application&nbsp;; La cha\u00eene se verrouille autour de n\u2019importe quel objet ; R\u00e9glage rapide gr\u00e2ce \u00e0 l\u2019action du cliquet dans les deux sens  <\/p>\n","protected":false},"excerpt":{"rendered":"<p>Pince autobloquante TORQUE LOCK \u2122 : installation rapide et facile sur des surfaces planes et rondes. Une force suppl\u00e9mentaire peut<\/p>\n","protected":false},"featured_media":483106,"template":"","meta":{"_seopress_robots_primary_cat":"","_seopress_titles_title":"","_seopress_titles_desc":"","_seopress_robots_index":""},"product_brand":[3407],"product_cat":[29,558],"product_tag":[3270],"class_list":{"0":"post-502102","1":"product","2":"type-product","3":"status-publish","4":"has-post-thumbnail","6":"product_brand-milwaukee","7":"product_cat-macchinari","8":"product_cat-seghe-accessori-vari","9":"product_tag-import-milwau","10":"sws-gruppo-macchinari-fr","11":"sws-conto-ricavi-merci-rivendita-macchinari-fr","12":"sws-gruppo-iva-iva81-fr","14":"first","15":"instock","16":"sale","17":"shipping-taxable","18":"purchasable","19":"product-type-simple"},"_links":{"self":[{"href":"https:\/\/lucacastelli.com\/fr\/wp-json\/wp\/v2\/product\/502102","targetHints":{"allow":["GET"]}}],"collection":[{"href":"https:\/\/lucacastelli.com\/fr\/wp-json\/wp\/v2\/product"}],"about":[{"href":"https:\/\/lucacastelli.com\/fr\/wp-json\/wp\/v2\/types\/product"}],"wp:featuredmedia":[{"embeddable":true,"href":"https:\/\/lucacastelli.com\/fr\/wp-json\/wp\/v2\/media\/483106"}],"wp:attachment":[{"href":"https:\/\/lucacastelli.com\/fr\/wp-json\/wp\/v2\/media?parent=502102"}],"wp:term":[{"taxonomy":"product_brand","embeddable":true,"href":"https:\/\/lucacastelli.com\/fr\/wp-json\/wp\/v2\/product_brand?post=502102"},{"taxonomy":"product_cat","embeddable":true,"href":"https:\/\/lucacastelli.com\/fr\/wp-json\/wp\/v2\/product_cat?post=502102"},{"taxonomy":"product_tag","embeddable":true,"href":"https:\/\/lucacastelli.com\/fr\/wp-json\/wp\/v2\/product_tag?post=502102"}],"curies":[{"name":"wp","href":"https:\/\/api.w.org\/{rel}","templated":true}]}}