{"id":502099,"date":"2025-07-12T17:49:27","date_gmt":"2025-07-12T15:49:27","guid":{"rendered":"https:\/\/lucacastelli.com\/prodotto\/milwaukee-surligneur-marqueurs\/"},"modified":"2025-07-12T17:49:27","modified_gmt":"2025-07-12T15:49:27","slug":"milwaukee-surligneur-marqueurs","status":"publish","type":"product","link":"https:\/\/lucacastelli.com\/fr\/produit\/milwaukee-surligneur-marqueurs\/","title":{"rendered":"MILWAUKEE Surligneur Marqueurs"},"content":{"rendered":"<p>Pointe tr\u00e8s r\u00e9sistante, conserve sa forme pendant longtemps&nbsp;; Pas de bavures&nbsp;; Encre NON toxique, certifi\u00e9e ASTM D 4236 ; Id\u00e9al pour les dessins architecturaux, les \u00e9tiquettes, le papier de bureau&nbsp;; Conception du corps anti-chute pour une meilleure adh\u00e9rence sur n\u2019importe quelle surface&nbsp;; Crochet qui vous permet d\u2019attacher le marqueur au casque, au pantalon, etc.&nbsp;; Trou de lacet \u2013 possibilit\u00e9 d\u2019attacher le marqueur \u00e0 la ceinture<\/p>\n","protected":false},"excerpt":{"rendered":"<p>Pointe tr\u00e8s r\u00e9sistante, conserve sa forme pendant longtemps&nbsp;; Pas de bavures&nbsp;; Encre NON toxique, certifi\u00e9e ASTM D 4236 ; Id\u00e9al<\/p>\n","protected":false},"featured_media":483044,"template":"","meta":{"_seopress_robots_primary_cat":"","_seopress_titles_title":"","_seopress_titles_desc":"","_seopress_robots_index":""},"product_brand":[3658],"product_cat":[167,1534],"product_tag":[3273],"class_list":{"0":"post-502099","1":"product","2":"type-product","3":"status-publish","4":"has-post-thumbnail","6":"product_brand-milwaukee-fr","7":"product_cat-machines","8":"product_cat-scies","9":"product_tag-import-milwau-fr","10":"sws-gruppo-macchinari-fr","11":"sws-conto-ricavi-merci-rivendita-macchinari-fr","12":"sws-gruppo-iva-iva81-fr","14":"first","15":"instock","16":"sale","17":"shipping-taxable","18":"purchasable","19":"product-type-simple"},"_links":{"self":[{"href":"https:\/\/lucacastelli.com\/fr\/wp-json\/wp\/v2\/product\/502099","targetHints":{"allow":["GET"]}}],"collection":[{"href":"https:\/\/lucacastelli.com\/fr\/wp-json\/wp\/v2\/product"}],"about":[{"href":"https:\/\/lucacastelli.com\/fr\/wp-json\/wp\/v2\/types\/product"}],"wp:featuredmedia":[{"embeddable":true,"href":"https:\/\/lucacastelli.com\/fr\/wp-json\/wp\/v2\/media\/483044"}],"wp:attachment":[{"href":"https:\/\/lucacastelli.com\/fr\/wp-json\/wp\/v2\/media?parent=502099"}],"wp:term":[{"taxonomy":"product_brand","embeddable":true,"href":"https:\/\/lucacastelli.com\/fr\/wp-json\/wp\/v2\/product_brand?post=502099"},{"taxonomy":"product_cat","embeddable":true,"href":"https:\/\/lucacastelli.com\/fr\/wp-json\/wp\/v2\/product_cat?post=502099"},{"taxonomy":"product_tag","embeddable":true,"href":"https:\/\/lucacastelli.com\/fr\/wp-json\/wp\/v2\/product_tag?post=502099"}],"curies":[{"name":"wp","href":"https:\/\/api.w.org\/{rel}","templated":true}]}}