{"id":502093,"date":"2025-07-12T17:49:10","date_gmt":"2025-07-12T15:49:10","guid":{"rendered":"https:\/\/lucacastelli.com\/prodotto\/milwaukee-marqueur-permanent-5\/"},"modified":"2025-07-12T17:49:10","modified_gmt":"2025-07-12T15:49:10","slug":"milwaukee-marqueur-permanent-5","status":"publish","type":"product","link":"https:\/\/lucacastelli.com\/fr\/produit\/milwaukee-marqueur-permanent-5\/","title":{"rendered":"MILWAUKEE Marqueur Permanent"},"content":{"rendered":"<p>Tr\u00e8s longue dur\u00e9e de vie de l\u2019embout qui ne s\u2019endommage pas m\u00eame sous une pression \u00e9lev\u00e9e de l\u2019utilisateur &#8211; emp\u00eache l\u2019embout de prendre une forme arrondie&nbsp;; Pointe acrylique id\u00e9ale pour les surfaces rugueuses telles que le b\u00e9ton ou le contreplaqu\u00e9 ; Haute r\u00e9sistance de la pointe. Le marqueur continue d\u2019\u00e9crire m\u00eame apr\u00e8s 72 heures d\u2019exposition \u00e0 l\u2019air&nbsp;; Pour une utilisation sur le b\u00e9ton, le bois, le m\u00e9tal, les plaques de pl\u00e2tre, le plastique&nbsp;; Il peut \u00eatre utilis\u00e9 sur des surfaces humides, huileuses, poussi\u00e9reuses, rouill\u00e9es et sur des surfaces o\u00f9 il y a des d\u00e9bris&nbsp;; Temps de s\u00e9chage rapide &#8211; r\u00e9duit les bavures sur les surfaces en plastique et en mat\u00e9riau ; Corps mince pour une utilisation dans des zones confin\u00e9es ; Trou de lacet \u2013 possibilit\u00e9 d\u2019attacher le marqueur \u00e0 la ceinture ; Capuchon facile \u00e0 ouvrir d\u2019une seule main&nbsp;; Conception con\u00e7ue pour ne pas glisser sur les surfaces <\/p>\n","protected":false},"excerpt":{"rendered":"<p>Tr\u00e8s longue dur\u00e9e de vie de l\u2019embout qui ne s\u2019endommage pas m\u00eame sous une pression \u00e9lev\u00e9e de l\u2019utilisateur &#8211; emp\u00eache<\/p>\n","protected":false},"featured_media":483035,"template":"","meta":{"_seopress_robots_primary_cat":"","_seopress_titles_title":"","_seopress_titles_desc":"","_seopress_robots_index":""},"product_brand":[3658],"product_cat":[167,1534],"product_tag":[3273],"class_list":{"0":"post-502093","1":"product","2":"type-product","3":"status-publish","4":"has-post-thumbnail","6":"product_brand-milwaukee-fr","7":"product_cat-machines","8":"product_cat-scies","9":"product_tag-import-milwau-fr","10":"sws-gruppo-macchinari-fr","11":"sws-conto-ricavi-merci-rivendita-macchinari-fr","12":"sws-gruppo-iva-iva81-fr","14":"first","15":"instock","16":"sale","17":"shipping-taxable","18":"purchasable","19":"product-type-simple"},"_links":{"self":[{"href":"https:\/\/lucacastelli.com\/fr\/wp-json\/wp\/v2\/product\/502093","targetHints":{"allow":["GET"]}}],"collection":[{"href":"https:\/\/lucacastelli.com\/fr\/wp-json\/wp\/v2\/product"}],"about":[{"href":"https:\/\/lucacastelli.com\/fr\/wp-json\/wp\/v2\/types\/product"}],"wp:featuredmedia":[{"embeddable":true,"href":"https:\/\/lucacastelli.com\/fr\/wp-json\/wp\/v2\/media\/483035"}],"wp:attachment":[{"href":"https:\/\/lucacastelli.com\/fr\/wp-json\/wp\/v2\/media?parent=502093"}],"wp:term":[{"taxonomy":"product_brand","embeddable":true,"href":"https:\/\/lucacastelli.com\/fr\/wp-json\/wp\/v2\/product_brand?post=502093"},{"taxonomy":"product_cat","embeddable":true,"href":"https:\/\/lucacastelli.com\/fr\/wp-json\/wp\/v2\/product_cat?post=502093"},{"taxonomy":"product_tag","embeddable":true,"href":"https:\/\/lucacastelli.com\/fr\/wp-json\/wp\/v2\/product_tag?post=502093"}],"curies":[{"name":"wp","href":"https:\/\/api.w.org\/{rel}","templated":true}]}}