{"id":502069,"date":"2025-07-12T17:49:00","date_gmt":"2025-07-12T15:49:00","guid":{"rendered":"https:\/\/lucacastelli.com\/prodotto\/milwaukee-couteau-de-poche-3\/"},"modified":"2025-07-12T17:49:00","modified_gmt":"2025-07-12T15:49:00","slug":"milwaukee-couteau-de-poche-3","status":"publish","type":"product","link":"https:\/\/lucacastelli.com\/fr\/produit\/milwaukee-couteau-de-poche-3\/","title":{"rendered":"MILWAUKEE Couteau de poche"},"content":{"rendered":"<p>La lame D2 de qualit\u00e9 sup\u00e9rieure emp\u00eache la corrosion et reste tranchante plus longtemps ; Lame lisse. Id\u00e9al pour les applications les plus exigeantes ; Ouverture rapide avec syst\u00e8me de roulement : ne peut \u00eatre ouvert qu\u2019avec les deux mains ; L\u2019ouverture du cadre en acier maintient la lame en position ouverte ; Poign\u00e9e en nylon et acier inoxydable&nbsp;; La goupille maintient la lame en position ouverte&nbsp;; Trou de lacet&nbsp;; Clip de ceinture pour un acc\u00e8s rapide sans ab\u00eemer les poches <\/p>\n","protected":false},"excerpt":{"rendered":"<p>La lame D2 de qualit\u00e9 sup\u00e9rieure emp\u00eache la corrosion et reste tranchante plus longtemps ; Lame lisse. Id\u00e9al pour les<\/p>\n","protected":false},"featured_media":482790,"template":"","meta":{"_seopress_robots_primary_cat":"","_seopress_titles_title":"","_seopress_titles_desc":"","_seopress_robots_index":""},"product_brand":[3407],"product_cat":[29,558],"product_tag":[3270],"class_list":{"0":"post-502069","1":"product","2":"type-product","3":"status-publish","4":"has-post-thumbnail","6":"product_brand-milwaukee","7":"product_cat-macchinari","8":"product_cat-seghe-accessori-vari","9":"product_tag-import-milwau","10":"sws-gruppo-macchinari-fr","11":"sws-conto-ricavi-merci-rivendita-macchinari-fr","12":"sws-gruppo-iva-iva81-fr","14":"first","15":"instock","16":"sale","17":"shipping-taxable","18":"purchasable","19":"product-type-simple"},"_links":{"self":[{"href":"https:\/\/lucacastelli.com\/fr\/wp-json\/wp\/v2\/product\/502069","targetHints":{"allow":["GET"]}}],"collection":[{"href":"https:\/\/lucacastelli.com\/fr\/wp-json\/wp\/v2\/product"}],"about":[{"href":"https:\/\/lucacastelli.com\/fr\/wp-json\/wp\/v2\/types\/product"}],"wp:featuredmedia":[{"embeddable":true,"href":"https:\/\/lucacastelli.com\/fr\/wp-json\/wp\/v2\/media\/482790"}],"wp:attachment":[{"href":"https:\/\/lucacastelli.com\/fr\/wp-json\/wp\/v2\/media?parent=502069"}],"wp:term":[{"taxonomy":"product_brand","embeddable":true,"href":"https:\/\/lucacastelli.com\/fr\/wp-json\/wp\/v2\/product_brand?post=502069"},{"taxonomy":"product_cat","embeddable":true,"href":"https:\/\/lucacastelli.com\/fr\/wp-json\/wp\/v2\/product_cat?post=502069"},{"taxonomy":"product_tag","embeddable":true,"href":"https:\/\/lucacastelli.com\/fr\/wp-json\/wp\/v2\/product_tag?post=502069"}],"curies":[{"name":"wp","href":"https:\/\/api.w.org\/{rel}","templated":true}]}}