{"id":502064,"date":"2025-07-12T17:48:59","date_gmt":"2025-07-12T15:48:59","guid":{"rendered":"https:\/\/lucacastelli.com\/prodotto\/milwaukee-couteau-de-poche\/"},"modified":"2025-07-12T17:48:59","modified_gmt":"2025-07-12T15:48:59","slug":"milwaukee-couteau-de-poche","status":"publish","type":"product","link":"https:\/\/lucacastelli.com\/fr\/produit\/milwaukee-couteau-de-poche\/","title":{"rendered":"MILWAUKEE Couteau de poche"},"content":{"rendered":"<p>Le bouton d\u2019ouverture permet une utilisation d\u2019une seule main&nbsp;; Lame en acier inoxydable. Possibilit\u00e9 d\u2019aff\u00fbter la lame plusieurs fois&nbsp;; La pointe p\u00e9n\u00e9trante vous permet de contr\u00f4ler et d\u2019effectuer une coupe lisse&nbsp;; La goupille maintient la lame en position ouverte ; Trou de lacet&nbsp;; Clip de ceinture pour un acc\u00e8s rapide sans ab\u00eemer les poches ; Taille compacte, facile \u00e0 ranger dans le sac \u00e0 outils <\/p>\n","protected":false},"excerpt":{"rendered":"<p>Le bouton d\u2019ouverture permet une utilisation d\u2019une seule main&nbsp;; Lame en acier inoxydable. Possibilit\u00e9 d\u2019aff\u00fbter la lame plusieurs fois&nbsp;; La<\/p>\n","protected":false},"featured_media":482740,"template":"","meta":{"_seopress_robots_primary_cat":"","_seopress_titles_title":"","_seopress_titles_desc":"","_seopress_robots_index":""},"product_brand":[3407],"product_cat":[29,558],"product_tag":[3270],"class_list":{"0":"post-502064","1":"product","2":"type-product","3":"status-publish","4":"has-post-thumbnail","6":"product_brand-milwaukee","7":"product_cat-macchinari","8":"product_cat-seghe-accessori-vari","9":"product_tag-import-milwau","10":"sws-gruppo-macchinari-fr","11":"sws-conto-ricavi-merci-rivendita-macchinari-fr","12":"sws-gruppo-iva-iva81-fr","14":"first","15":"instock","16":"sale","17":"shipping-taxable","18":"purchasable","19":"product-type-simple"},"_links":{"self":[{"href":"https:\/\/lucacastelli.com\/fr\/wp-json\/wp\/v2\/product\/502064","targetHints":{"allow":["GET"]}}],"collection":[{"href":"https:\/\/lucacastelli.com\/fr\/wp-json\/wp\/v2\/product"}],"about":[{"href":"https:\/\/lucacastelli.com\/fr\/wp-json\/wp\/v2\/types\/product"}],"wp:featuredmedia":[{"embeddable":true,"href":"https:\/\/lucacastelli.com\/fr\/wp-json\/wp\/v2\/media\/482740"}],"wp:attachment":[{"href":"https:\/\/lucacastelli.com\/fr\/wp-json\/wp\/v2\/media?parent=502064"}],"wp:term":[{"taxonomy":"product_brand","embeddable":true,"href":"https:\/\/lucacastelli.com\/fr\/wp-json\/wp\/v2\/product_brand?post=502064"},{"taxonomy":"product_cat","embeddable":true,"href":"https:\/\/lucacastelli.com\/fr\/wp-json\/wp\/v2\/product_cat?post=502064"},{"taxonomy":"product_tag","embeddable":true,"href":"https:\/\/lucacastelli.com\/fr\/wp-json\/wp\/v2\/product_tag?post=502064"}],"curies":[{"name":"wp","href":"https:\/\/api.w.org\/{rel}","templated":true}]}}