{"id":502061,"date":"2025-07-12T17:48:57","date_gmt":"2025-07-12T15:48:57","guid":{"rendered":"https:\/\/lucacastelli.com\/prodotto\/milwaukee-couteau-a-lame-segmentee-3\/"},"modified":"2025-07-12T17:48:57","modified_gmt":"2025-07-12T15:48:57","slug":"milwaukee-couteau-a-lame-segmentee-3","status":"publish","type":"product","link":"https:\/\/lucacastelli.com\/fr\/produit\/milwaukee-couteau-a-lame-segmentee-3\/","title":{"rendered":"MILWAUKEE Couteau \u00e0 lame segment\u00e9e"},"content":{"rendered":"<p>Verrouillage de r\u00e9glage de la lame en m\u00e9tal qui permet une dur\u00e9e de vie jusqu\u2019\u00e0 4 fois plus longue&nbsp;; R\u00e9glage de la lame jusqu\u2019\u00e0 deux fois plus rapide gr\u00e2ce au verrou surdimensionn\u00e9 ; Renouvellement rapide et facile de la lame&nbsp;; Caoutchoutage pour plus de confort et une grande adh\u00e9rence lors de l\u2019application ; Lame en carbure qui permet \u00e0 la lame d\u2019\u00eatre jusqu\u2019\u00e0 2 fois plus durable que la lame classique, permettant une grande pr\u00e9cision de coupe et une coupe nette<\/p>\n","protected":false},"excerpt":{"rendered":"<p>Verrouillage de r\u00e9glage de la lame en m\u00e9tal qui permet une dur\u00e9e de vie jusqu\u2019\u00e0 4 fois plus longue&nbsp;; R\u00e9glage<\/p>\n","protected":false},"featured_media":482686,"template":"","meta":{"_seopress_robots_primary_cat":"","_seopress_titles_title":"","_seopress_titles_desc":"","_seopress_robots_index":""},"product_brand":[3658],"product_cat":[167,1534],"product_tag":[3273],"class_list":{"0":"post-502061","1":"product","2":"type-product","3":"status-publish","4":"has-post-thumbnail","6":"product_brand-milwaukee-fr","7":"product_cat-machines","8":"product_cat-scies","9":"product_tag-import-milwau-fr","10":"sws-gruppo-macchinari-fr","11":"sws-conto-ricavi-merci-rivendita-macchinari-fr","12":"sws-gruppo-iva-iva81-fr","14":"first","15":"instock","16":"sale","17":"shipping-taxable","18":"purchasable","19":"product-type-simple"},"_links":{"self":[{"href":"https:\/\/lucacastelli.com\/fr\/wp-json\/wp\/v2\/product\/502061","targetHints":{"allow":["GET"]}}],"collection":[{"href":"https:\/\/lucacastelli.com\/fr\/wp-json\/wp\/v2\/product"}],"about":[{"href":"https:\/\/lucacastelli.com\/fr\/wp-json\/wp\/v2\/types\/product"}],"wp:featuredmedia":[{"embeddable":true,"href":"https:\/\/lucacastelli.com\/fr\/wp-json\/wp\/v2\/media\/482686"}],"wp:attachment":[{"href":"https:\/\/lucacastelli.com\/fr\/wp-json\/wp\/v2\/media?parent=502061"}],"wp:term":[{"taxonomy":"product_brand","embeddable":true,"href":"https:\/\/lucacastelli.com\/fr\/wp-json\/wp\/v2\/product_brand?post=502061"},{"taxonomy":"product_cat","embeddable":true,"href":"https:\/\/lucacastelli.com\/fr\/wp-json\/wp\/v2\/product_cat?post=502061"},{"taxonomy":"product_tag","embeddable":true,"href":"https:\/\/lucacastelli.com\/fr\/wp-json\/wp\/v2\/product_tag?post=502061"}],"curies":[{"name":"wp","href":"https:\/\/api.w.org\/{rel}","templated":true}]}}