{"id":502054,"date":"2025-07-12T17:48:53","date_gmt":"2025-07-12T15:48:53","guid":{"rendered":"https:\/\/lucacastelli.com\/prodotto\/milwaukee-lame-trapezoidale-3\/"},"modified":"2025-07-12T17:48:53","modified_gmt":"2025-07-12T15:48:53","slug":"milwaukee-lame-trapezoidale-3","status":"publish","type":"product","link":"https:\/\/lucacastelli.com\/fr\/produit\/milwaukee-lame-trapezoidale-3\/","title":{"rendered":"MILWAUKEE Lame trap\u00e9zo\u00efdale"},"content":{"rendered":"<p>Lame en carbure pour la durabilit\u00e9&nbsp;; Permet une coupe pr\u00e9cise et une coupe nette&nbsp;; Jusqu\u2019\u00e0 2 fois plus durable que la lame classique ; Les lames sont livr\u00e9es dans une bo\u00eete qui permet un acc\u00e8s facile \u00e0 la lame<\/p>\n","protected":false},"excerpt":{"rendered":"<p>Lame en carbure pour la durabilit\u00e9&nbsp;; Permet une coupe pr\u00e9cise et une coupe nette&nbsp;; Jusqu\u2019\u00e0 2 fois plus durable que<\/p>\n","protected":false},"featured_media":482626,"template":"","meta":{"_seopress_robots_primary_cat":"","_seopress_titles_title":"","_seopress_titles_desc":"","_seopress_robots_index":""},"product_brand":[3658],"product_cat":[167,1534],"product_tag":[3273],"class_list":{"0":"post-502054","1":"product","2":"type-product","3":"status-publish","4":"has-post-thumbnail","6":"product_brand-milwaukee-fr","7":"product_cat-machines","8":"product_cat-scies","9":"product_tag-import-milwau-fr","10":"sws-gruppo-macchinari-fr","11":"sws-conto-ricavi-merci-rivendita-macchinari-fr","12":"sws-gruppo-iva-iva81-fr","14":"first","15":"instock","16":"sale","17":"shipping-taxable","18":"purchasable","19":"product-type-simple"},"_links":{"self":[{"href":"https:\/\/lucacastelli.com\/fr\/wp-json\/wp\/v2\/product\/502054","targetHints":{"allow":["GET"]}}],"collection":[{"href":"https:\/\/lucacastelli.com\/fr\/wp-json\/wp\/v2\/product"}],"about":[{"href":"https:\/\/lucacastelli.com\/fr\/wp-json\/wp\/v2\/types\/product"}],"wp:featuredmedia":[{"embeddable":true,"href":"https:\/\/lucacastelli.com\/fr\/wp-json\/wp\/v2\/media\/482626"}],"wp:attachment":[{"href":"https:\/\/lucacastelli.com\/fr\/wp-json\/wp\/v2\/media?parent=502054"}],"wp:term":[{"taxonomy":"product_brand","embeddable":true,"href":"https:\/\/lucacastelli.com\/fr\/wp-json\/wp\/v2\/product_brand?post=502054"},{"taxonomy":"product_cat","embeddable":true,"href":"https:\/\/lucacastelli.com\/fr\/wp-json\/wp\/v2\/product_cat?post=502054"},{"taxonomy":"product_tag","embeddable":true,"href":"https:\/\/lucacastelli.com\/fr\/wp-json\/wp\/v2\/product_tag?post=502054"}],"curies":[{"name":"wp","href":"https:\/\/api.w.org\/{rel}","templated":true}]}}