{"id":502035,"date":"2025-07-12T17:48:50","date_gmt":"2025-07-12T15:48:50","guid":{"rendered":"https:\/\/lucacastelli.com\/prodotto\/milwaukee-jeu-de-forets-a-poutre-en-bois\/"},"modified":"2025-07-12T17:48:50","modified_gmt":"2025-07-12T15:48:50","slug":"milwaukee-jeu-de-forets-a-poutre-en-bois","status":"publish","type":"product","link":"https:\/\/lucacastelli.com\/fr\/produit\/milwaukee-jeu-de-forets-a-poutre-en-bois\/","title":{"rendered":"MILWAUKEE Jeu de forets \u00e0 poutre en bois"},"content":{"rendered":"<p>Convient pour une utilisation avec tous les types de perceuses et de cl\u00e9s \u00e0 chocs avec et sans fil&nbsp;; Le per\u00e7age avec la cl\u00e9 \u00e0 chocs permet de percer avec moins d\u2019effort ; Traitement thermique sp\u00e9cial pour donner une plus grande duret\u00e9\/r\u00e9sistance \u00e0 l\u2019attaque et \u00e0 l\u2019orteil et une flexibilit\u00e9 au corps&nbsp;; La nouvelle conception de la pointe permet un trou plus pr\u00e9cis et plus propre. La rainure est polie et recouverte d\u2019une patine sp\u00e9ciale&nbsp;; Cela garantit une \u00e9vacuation efficace des copeaux en augmentant la vitesse de forage et en r\u00e9duisant les frottements ; L\u2019inclinaison de 20\u00b0 de l\u2019ar\u00eate de coupe permet une \u00e9vacuation facile des copeaux ; La rainure brillante et peinte produit une surface antiadh\u00e9sive pour une \u00e9jection plus rapide des copeaux ; Les \u00e9chardes sont enlev\u00e9es lors de l\u2019application pour laisser une surface lisse&nbsp;; Large rainure pour un enl\u00e8vement rapide des copeaux ; Tranchants extr\u00eamement tranchants pour une coupe rapide et pr\u00e9cise ; Tranchants qui peuvent \u00eatre r\u00e9aff\u00fbt\u00e9s&nbsp;; Pour utiliser ces embouts sur des cl\u00e9s \u00e0 chocs avec un entra\u00eenement 1\/2Zoll, il est n\u00e9cessaire d\u2019utiliser le code adaptateur 48660061&nbsp;; Ces m\u00e8ches peuvent \u00e9galement \u00eatre utilis\u00e9es dans des applications sur du bois dur et mou, humide et trait\u00e9, du contreplaqu\u00e9, des panneaux de particules, du teck, du h\u00eatre, du ch\u00eane, du WPC (composite plastique bois), des poutres lamell\u00e9es, des panneaux, etc <\/p>\n","protected":false},"excerpt":{"rendered":"<p>Convient pour une utilisation avec tous les types de perceuses et de cl\u00e9s \u00e0 chocs avec et sans fil&nbsp;; Le<\/p>\n","protected":false},"featured_media":0,"template":"","meta":{"_seopress_robots_primary_cat":"","_seopress_titles_title":"","_seopress_titles_desc":"","_seopress_robots_index":""},"product_brand":[3407],"product_cat":[29,558],"product_tag":[3270],"class_list":{"0":"post-502035","1":"product","2":"type-product","3":"status-publish","5":"product_brand-milwaukee","6":"product_cat-macchinari","7":"product_cat-seghe-accessori-vari","8":"product_tag-import-milwau","9":"sws-gruppo-macchinari-fr","10":"sws-conto-ricavi-merci-rivendita-macchinari-fr","11":"sws-gruppo-iva-iva81-fr","13":"first","14":"instock","15":"sale","16":"shipping-taxable","17":"purchasable","18":"product-type-simple"},"_links":{"self":[{"href":"https:\/\/lucacastelli.com\/fr\/wp-json\/wp\/v2\/product\/502035","targetHints":{"allow":["GET"]}}],"collection":[{"href":"https:\/\/lucacastelli.com\/fr\/wp-json\/wp\/v2\/product"}],"about":[{"href":"https:\/\/lucacastelli.com\/fr\/wp-json\/wp\/v2\/types\/product"}],"wp:attachment":[{"href":"https:\/\/lucacastelli.com\/fr\/wp-json\/wp\/v2\/media?parent=502035"}],"wp:term":[{"taxonomy":"product_brand","embeddable":true,"href":"https:\/\/lucacastelli.com\/fr\/wp-json\/wp\/v2\/product_brand?post=502035"},{"taxonomy":"product_cat","embeddable":true,"href":"https:\/\/lucacastelli.com\/fr\/wp-json\/wp\/v2\/product_cat?post=502035"},{"taxonomy":"product_tag","embeddable":true,"href":"https:\/\/lucacastelli.com\/fr\/wp-json\/wp\/v2\/product_tag?post=502035"}],"curies":[{"name":"wp","href":"https:\/\/api.w.org\/{rel}","templated":true}]}}