{"id":502022,"date":"2025-07-12T17:48:43","date_gmt":"2025-07-12T15:48:43","guid":{"rendered":"https:\/\/lucacastelli.com\/prodotto\/milwaukee-tete-de-percage-dangle\/"},"modified":"2025-07-12T17:48:43","modified_gmt":"2025-07-12T15:48:43","slug":"milwaukee-tete-de-percage-dangle","status":"publish","type":"product","link":"https:\/\/lucacastelli.com\/fr\/produit\/milwaukee-tete-de-percage-dangle\/","title":{"rendered":"MILWAUKEE T\u00eate de per\u00e7age d\u2019angle"},"content":{"rendered":"<p>Convertit la perceuse HDE 13 RQD de Milwaukee en perceuse d\u2019angle&nbsp;; Utilis\u00e9 pour le vissage dans des espaces restreints ; T\u00eate rotative \u00e0 360 degr\u00e9s&nbsp;; Deux vitesses : 1. Faible : 30 % de perte de vitesse, ce qui augmente le couple de 50 % 2. \u00c9lev\u00e9e : la vitesse est augment\u00e9e de 50 %.  <\/p>\n","protected":false},"excerpt":{"rendered":"<p>Convertit la perceuse HDE 13 RQD de Milwaukee en perceuse d\u2019angle&nbsp;; Utilis\u00e9 pour le vissage dans des espaces restreints ;<\/p>\n","protected":false},"featured_media":432665,"template":"","meta":{"_seopress_robots_primary_cat":"","_seopress_titles_title":"","_seopress_titles_desc":"","_seopress_robots_index":""},"product_brand":[3407],"product_cat":[29,558],"product_tag":[3270],"class_list":{"0":"post-502022","1":"product","2":"type-product","3":"status-publish","4":"has-post-thumbnail","6":"product_brand-milwaukee","7":"product_cat-macchinari","8":"product_cat-seghe-accessori-vari","9":"product_tag-import-milwau","10":"sws-gruppo-macchinari-fr","11":"sws-conto-ricavi-merci-rivendita-macchinari-fr","12":"sws-gruppo-iva-iva81-fr","14":"first","15":"instock","16":"sale","17":"shipping-taxable","18":"purchasable","19":"product-type-simple"},"_links":{"self":[{"href":"https:\/\/lucacastelli.com\/fr\/wp-json\/wp\/v2\/product\/502022","targetHints":{"allow":["GET"]}}],"collection":[{"href":"https:\/\/lucacastelli.com\/fr\/wp-json\/wp\/v2\/product"}],"about":[{"href":"https:\/\/lucacastelli.com\/fr\/wp-json\/wp\/v2\/types\/product"}],"wp:featuredmedia":[{"embeddable":true,"href":"https:\/\/lucacastelli.com\/fr\/wp-json\/wp\/v2\/media\/432665"}],"wp:attachment":[{"href":"https:\/\/lucacastelli.com\/fr\/wp-json\/wp\/v2\/media?parent=502022"}],"wp:term":[{"taxonomy":"product_brand","embeddable":true,"href":"https:\/\/lucacastelli.com\/fr\/wp-json\/wp\/v2\/product_brand?post=502022"},{"taxonomy":"product_cat","embeddable":true,"href":"https:\/\/lucacastelli.com\/fr\/wp-json\/wp\/v2\/product_cat?post=502022"},{"taxonomy":"product_tag","embeddable":true,"href":"https:\/\/lucacastelli.com\/fr\/wp-json\/wp\/v2\/product_tag?post=502022"}],"curies":[{"name":"wp","href":"https:\/\/api.w.org\/{rel}","templated":true}]}}