{"id":501971,"date":"2025-07-09T09:13:19","date_gmt":"2025-07-09T07:13:19","guid":{"rendered":"https:\/\/lucacastelli.com\/prodotto\/milwaukee-scie-a-pvc\/"},"modified":"2025-07-09T09:13:19","modified_gmt":"2025-07-09T07:13:19","slug":"milwaukee-scie-a-pvc","status":"publish","type":"product","link":"https:\/\/lucacastelli.com\/fr\/produit\/milwaukee-scie-a-pvc\/","title":{"rendered":"MILWAUKEE Scie \u00e0 PVC"},"content":{"rendered":"<p>Conception de la poign\u00e9e \u00e9tudi\u00e9e et caoutchout\u00e9e pour avoir les meilleures performances en mati\u00e8re de durabilit\u00e9 et de confort&nbsp;; Changement de lame sans outil jusqu\u2019\u00e0 10 fois plus rapide ; Poign\u00e9e caoutchout\u00e9e pour plus de confort ; Conception compacte<\/p>\n","protected":false},"excerpt":{"rendered":"<p>Conception de la poign\u00e9e \u00e9tudi\u00e9e et caoutchout\u00e9e pour avoir les meilleures performances en mati\u00e8re de durabilit\u00e9 et de confort&nbsp;; Changement<\/p>\n","protected":false},"featured_media":482594,"template":"","meta":{"_seopress_robots_primary_cat":"","_seopress_titles_title":"","_seopress_titles_desc":"","_seopress_robots_index":""},"product_brand":[3407],"product_cat":[29,558],"product_tag":[3270],"class_list":{"0":"post-501971","1":"product","2":"type-product","3":"status-publish","4":"has-post-thumbnail","6":"product_brand-milwaukee","7":"product_cat-macchinari","8":"product_cat-seghe-accessori-vari","9":"product_tag-import-milwau","10":"sws-gruppo-macchinari-fr","11":"sws-conto-ricavi-merci-rivendita-macchinari-fr","12":"sws-gruppo-iva-iva81-fr","14":"first","15":"instock","16":"sale","17":"shipping-taxable","18":"purchasable","19":"product-type-simple"},"_links":{"self":[{"href":"https:\/\/lucacastelli.com\/fr\/wp-json\/wp\/v2\/product\/501971","targetHints":{"allow":["GET"]}}],"collection":[{"href":"https:\/\/lucacastelli.com\/fr\/wp-json\/wp\/v2\/product"}],"about":[{"href":"https:\/\/lucacastelli.com\/fr\/wp-json\/wp\/v2\/types\/product"}],"wp:featuredmedia":[{"embeddable":true,"href":"https:\/\/lucacastelli.com\/fr\/wp-json\/wp\/v2\/media\/482594"}],"wp:attachment":[{"href":"https:\/\/lucacastelli.com\/fr\/wp-json\/wp\/v2\/media?parent=501971"}],"wp:term":[{"taxonomy":"product_brand","embeddable":true,"href":"https:\/\/lucacastelli.com\/fr\/wp-json\/wp\/v2\/product_brand?post=501971"},{"taxonomy":"product_cat","embeddable":true,"href":"https:\/\/lucacastelli.com\/fr\/wp-json\/wp\/v2\/product_cat?post=501971"},{"taxonomy":"product_tag","embeddable":true,"href":"https:\/\/lucacastelli.com\/fr\/wp-json\/wp\/v2\/product_tag?post=501971"}],"curies":[{"name":"wp","href":"https:\/\/api.w.org\/{rel}","templated":true}]}}