{"id":501968,"date":"2025-07-09T09:13:17","date_gmt":"2025-07-09T07:13:17","guid":{"rendered":"https:\/\/lucacastelli.com\/prodotto\/milwaukee-scie-a-archet\/"},"modified":"2025-07-09T09:13:17","modified_gmt":"2025-07-09T07:13:17","slug":"milwaukee-scie-a-archet","status":"publish","type":"product","link":"https:\/\/lucacastelli.com\/fr\/produit\/milwaukee-scie-a-archet\/","title":{"rendered":"MILWAUKEE Scie \u00e0 archet"},"content":{"rendered":"<p>Changement de lame sans cl\u00e9 jusqu\u2019\u00e0 10 fois plus rapide&nbsp;; Conception compacte, id\u00e9ale pour une utilisation dans des espaces confin\u00e9s&nbsp;; Longueur de lame r\u00e9glable pour des applications de coupe affleurante faciles&nbsp;; Poign\u00e9e caoutchout\u00e9e pour un meilleur confort d\u2019utilisation et une plus grande s\u00e9curit\u00e9 ; Peut \u00eatre utilis\u00e9 avec les lames 12Zoll<\/p>\n","protected":false},"excerpt":{"rendered":"<p>Changement de lame sans cl\u00e9 jusqu\u2019\u00e0 10 fois plus rapide&nbsp;; Conception compacte, id\u00e9ale pour une utilisation dans des espaces confin\u00e9s&nbsp;;<\/p>\n","protected":false},"featured_media":432827,"template":"","meta":{"_seopress_robots_primary_cat":"","_seopress_titles_title":"","_seopress_titles_desc":"","_seopress_robots_index":""},"product_brand":[3407],"product_cat":[29,558],"product_tag":[3270],"class_list":{"0":"post-501968","1":"product","2":"type-product","3":"status-publish","4":"has-post-thumbnail","6":"product_brand-milwaukee","7":"product_cat-macchinari","8":"product_cat-seghe-accessori-vari","9":"product_tag-import-milwau","10":"sws-gruppo-macchinari-fr","11":"sws-conto-ricavi-merci-rivendita-macchinari-fr","12":"sws-gruppo-iva-iva81-fr","14":"first","15":"instock","16":"sale","17":"shipping-taxable","18":"purchasable","19":"product-type-simple"},"_links":{"self":[{"href":"https:\/\/lucacastelli.com\/fr\/wp-json\/wp\/v2\/product\/501968","targetHints":{"allow":["GET"]}}],"collection":[{"href":"https:\/\/lucacastelli.com\/fr\/wp-json\/wp\/v2\/product"}],"about":[{"href":"https:\/\/lucacastelli.com\/fr\/wp-json\/wp\/v2\/types\/product"}],"wp:featuredmedia":[{"embeddable":true,"href":"https:\/\/lucacastelli.com\/fr\/wp-json\/wp\/v2\/media\/432827"}],"wp:attachment":[{"href":"https:\/\/lucacastelli.com\/fr\/wp-json\/wp\/v2\/media?parent=501968"}],"wp:term":[{"taxonomy":"product_brand","embeddable":true,"href":"https:\/\/lucacastelli.com\/fr\/wp-json\/wp\/v2\/product_brand?post=501968"},{"taxonomy":"product_cat","embeddable":true,"href":"https:\/\/lucacastelli.com\/fr\/wp-json\/wp\/v2\/product_cat?post=501968"},{"taxonomy":"product_tag","embeddable":true,"href":"https:\/\/lucacastelli.com\/fr\/wp-json\/wp\/v2\/product_tag?post=501968"}],"curies":[{"name":"wp","href":"https:\/\/api.w.org\/{rel}","templated":true}]}}