{"id":501936,"date":"2025-07-18T09:21:59","date_gmt":"2025-07-18T07:21:59","guid":{"rendered":"https:\/\/lucacastelli.com\/prodotto\/milwaukee-drill-connect\/"},"modified":"2025-07-18T09:21:59","modified_gmt":"2025-07-18T07:21:59","slug":"milwaukee-drill-connect","status":"publish","type":"product","link":"https:\/\/lucacastelli.com\/fr\/produit\/milwaukee-drill-connect\/","title":{"rendered":"MILWAUKEE Drill Connect"},"content":{"rendered":"<p>Le syst\u00e8me innovant Drill Connect est la solution id\u00e9ale pour ceux qui ont besoin d\u2019une polyvalence maximale ; Polyvalent : Drill Connect agit comme une connexion entre l\u2019extension et le foret. Le syst\u00e8me est enti\u00e8rement compatible avec tous les forets, tr\u00e9pans tunneliers et tr\u00e9pans avec accessoire SDS-Max ; Universel : Les extensions sont disponibles dans une gamme de longueurs pour les marteaux perforateurs SDS-Max ; \u00c9conomique : r\u00e9duction des co\u00fbts gr\u00e2ce \u00e0 l\u2019utilisation de forets courts, qui peuvent \u00eatre rallong\u00e9s \u00e0 l\u2019aide de Drill Connect et d\u2019extensions. Il vous permet de r\u00e9duire consid\u00e9rablement les co\u00fbts et les investissements de stockage. Les pourboires courts sont moins chers&nbsp;; Efficace : 100 % de transfert d\u2019\u00e9nergie du marteau \u00e0 la pointe ; R\u00e9duction du poids : gr\u00e2ce \u00e0 l\u2019utilisation d\u2019outils de forage courts et d\u2019extensions de 18 mm de diam\u00e8tre ; Il est recommand\u00e9 de nettoyer de la poussi\u00e8re de ciment et de graisser le Drill Connect apr\u00e8s utilisation. Entretien constant&nbsp;; Le syst\u00e8me innovant et brevet\u00e9 Drill Connect est la solution ultime pour ceux qui recherchent une polyvalence maximale avec des outils de forage de grand diam\u00e8tre (plus de 32 mm de diam\u00e8tre). Drill Connect fait le lien entre la machine (classe jusqu\u2019\u00e0 8 kg) et les outils de forage     <\/p>\n","protected":false},"excerpt":{"rendered":"<p>Le syst\u00e8me innovant Drill Connect est la solution id\u00e9ale pour ceux qui ont besoin d\u2019une polyvalence maximale ; Polyvalent :<\/p>\n","protected":false},"featured_media":494969,"template":"","meta":{"_seopress_robots_primary_cat":"","_seopress_titles_title":"","_seopress_titles_desc":"","_seopress_robots_index":""},"product_brand":[3658],"product_cat":[1555,167,1552],"product_tag":[3273],"class_list":{"0":"post-501936","1":"product","2":"type-product","3":"status-publish","4":"has-post-thumbnail","6":"product_brand-milwaukee-fr","7":"product_cat-accessoires-pour-perceuses-et-tournevis","8":"product_cat-machines","9":"product_cat-perceuses-et-tournevis","10":"product_tag-import-milwau-fr","11":"sws-gruppo-macchinari-fr","12":"sws-conto-ricavi-merci-rivendita-macchinari-fr","13":"sws-gruppo-iva-iva81-fr","15":"first","16":"onbackorder","17":"sale","18":"shipping-taxable","19":"purchasable","20":"product-type-simple"},"_links":{"self":[{"href":"https:\/\/lucacastelli.com\/fr\/wp-json\/wp\/v2\/product\/501936","targetHints":{"allow":["GET"]}}],"collection":[{"href":"https:\/\/lucacastelli.com\/fr\/wp-json\/wp\/v2\/product"}],"about":[{"href":"https:\/\/lucacastelli.com\/fr\/wp-json\/wp\/v2\/types\/product"}],"wp:featuredmedia":[{"embeddable":true,"href":"https:\/\/lucacastelli.com\/fr\/wp-json\/wp\/v2\/media\/494969"}],"wp:attachment":[{"href":"https:\/\/lucacastelli.com\/fr\/wp-json\/wp\/v2\/media?parent=501936"}],"wp:term":[{"taxonomy":"product_brand","embeddable":true,"href":"https:\/\/lucacastelli.com\/fr\/wp-json\/wp\/v2\/product_brand?post=501936"},{"taxonomy":"product_cat","embeddable":true,"href":"https:\/\/lucacastelli.com\/fr\/wp-json\/wp\/v2\/product_cat?post=501936"},{"taxonomy":"product_tag","embeddable":true,"href":"https:\/\/lucacastelli.com\/fr\/wp-json\/wp\/v2\/product_tag?post=501936"}],"curies":[{"name":"wp","href":"https:\/\/api.w.org\/{rel}","templated":true}]}}