{"id":501930,"date":"2025-07-18T09:21:57","date_gmt":"2025-07-18T07:21:57","guid":{"rendered":"https:\/\/lucacastelli.com\/prodotto\/accessoires-systeme-milwaukee-coupe-trous-universels-tct\/"},"modified":"2025-07-18T09:21:57","modified_gmt":"2025-07-18T07:21:57","slug":"accessoires-systeme-milwaukee-coupe-trous-universels-tct","status":"publish","type":"product","link":"https:\/\/lucacastelli.com\/fr\/produit\/accessoires-systeme-milwaukee-coupe-trous-universels-tct\/","title":{"rendered":"Accessoires syst\u00e8me MILWAUKEE &#8211; Coupe-trous universels TCT"},"content":{"rendered":"<p>Les supports SDS-plus et Hex 11 n\u00e9cessitent le foret \u00e0 centrage automatique fourni s\u00e9par\u00e9ment<\/p>\n","protected":false},"excerpt":{"rendered":"<p>Les supports SDS-plus et Hex 11 n\u00e9cessitent le foret \u00e0 centrage automatique fourni s\u00e9par\u00e9ment<\/p>\n","protected":false},"featured_media":494964,"template":"","meta":{"_seopress_robots_primary_cat":"","_seopress_titles_title":"","_seopress_titles_desc":"","_seopress_robots_index":""},"product_brand":[3658],"product_cat":[1555,167,1552],"product_tag":[3273],"class_list":{"0":"post-501930","1":"product","2":"type-product","3":"status-publish","4":"has-post-thumbnail","6":"product_brand-milwaukee-fr","7":"product_cat-accessoires-pour-perceuses-et-tournevis","8":"product_cat-machines","9":"product_cat-perceuses-et-tournevis","10":"product_tag-import-milwau-fr","11":"sws-gruppo-macchinari-fr","12":"sws-conto-ricavi-merci-rivendita-macchinari-fr","13":"sws-gruppo-iva-iva81-fr","15":"first","16":"onbackorder","17":"sale","18":"shipping-taxable","19":"purchasable","20":"product-type-simple"},"_links":{"self":[{"href":"https:\/\/lucacastelli.com\/fr\/wp-json\/wp\/v2\/product\/501930","targetHints":{"allow":["GET"]}}],"collection":[{"href":"https:\/\/lucacastelli.com\/fr\/wp-json\/wp\/v2\/product"}],"about":[{"href":"https:\/\/lucacastelli.com\/fr\/wp-json\/wp\/v2\/types\/product"}],"wp:featuredmedia":[{"embeddable":true,"href":"https:\/\/lucacastelli.com\/fr\/wp-json\/wp\/v2\/media\/494964"}],"wp:attachment":[{"href":"https:\/\/lucacastelli.com\/fr\/wp-json\/wp\/v2\/media?parent=501930"}],"wp:term":[{"taxonomy":"product_brand","embeddable":true,"href":"https:\/\/lucacastelli.com\/fr\/wp-json\/wp\/v2\/product_brand?post=501930"},{"taxonomy":"product_cat","embeddable":true,"href":"https:\/\/lucacastelli.com\/fr\/wp-json\/wp\/v2\/product_cat?post=501930"},{"taxonomy":"product_tag","embeddable":true,"href":"https:\/\/lucacastelli.com\/fr\/wp-json\/wp\/v2\/product_tag?post=501930"}],"curies":[{"name":"wp","href":"https:\/\/api.w.org\/{rel}","templated":true}]}}