{"id":501916,"date":"2025-07-18T09:21:53","date_gmt":"2025-07-18T07:21:53","guid":{"rendered":"https:\/\/lucacastelli.com\/prodotto\/milwaukee-tct-sds-plus-trepans\/"},"modified":"2025-07-18T09:21:53","modified_gmt":"2025-07-18T07:21:53","slug":"milwaukee-tct-sds-plus-trepans","status":"publish","type":"product","link":"https:\/\/lucacastelli.com\/fr\/produit\/milwaukee-tct-sds-plus-trepans\/","title":{"rendered":"MILWAUKEE TCT SDS-Plus Tr\u00e9pans"},"content":{"rendered":"<p>Pour marteaux perforateurs jusqu\u2019\u00e0 4 kg&nbsp;; Tous les tr\u00e9pans-trous ont la tige M 16 et peuvent \u00eatre utilis\u00e9s \u00e0 la fois avec la tige FIXTEC SDS-plus et la tige FIXTEC Hex 11 mm&nbsp;;Broche et foret pilote requis&nbsp;; Fabriqu\u00e9 en Allemagne ; Ne convient pas pour une utilisation dans le b\u00e9ton arm\u00e9<\/p>\n","protected":false},"excerpt":{"rendered":"<p>Pour marteaux perforateurs jusqu\u2019\u00e0 4 kg&nbsp;; Tous les tr\u00e9pans-trous ont la tige M 16 et peuvent \u00eatre utilis\u00e9s \u00e0 la<\/p>\n","protected":false},"featured_media":494959,"template":"","meta":{"_seopress_robots_primary_cat":"","_seopress_titles_title":"","_seopress_titles_desc":"","_seopress_robots_index":""},"product_brand":[3407],"product_cat":[29,549,550],"product_tag":[3270],"class_list":{"0":"post-501916","1":"product","2":"type-product","3":"status-publish","4":"has-post-thumbnail","6":"product_brand-milwaukee","7":"product_cat-macchinari","8":"product_cat-trapani-e-avvitatori","9":"product_cat-accessori-per-trapani-ed-avvitatori","10":"product_tag-import-milwau","11":"sws-gruppo-macchinari-fr","12":"sws-conto-ricavi-merci-rivendita-macchinari-fr","13":"sws-gruppo-iva-iva81-fr","15":"first","16":"onbackorder","17":"sale","18":"shipping-taxable","19":"purchasable","20":"product-type-simple"},"_links":{"self":[{"href":"https:\/\/lucacastelli.com\/fr\/wp-json\/wp\/v2\/product\/501916","targetHints":{"allow":["GET"]}}],"collection":[{"href":"https:\/\/lucacastelli.com\/fr\/wp-json\/wp\/v2\/product"}],"about":[{"href":"https:\/\/lucacastelli.com\/fr\/wp-json\/wp\/v2\/types\/product"}],"wp:featuredmedia":[{"embeddable":true,"href":"https:\/\/lucacastelli.com\/fr\/wp-json\/wp\/v2\/media\/494959"}],"wp:attachment":[{"href":"https:\/\/lucacastelli.com\/fr\/wp-json\/wp\/v2\/media?parent=501916"}],"wp:term":[{"taxonomy":"product_brand","embeddable":true,"href":"https:\/\/lucacastelli.com\/fr\/wp-json\/wp\/v2\/product_brand?post=501916"},{"taxonomy":"product_cat","embeddable":true,"href":"https:\/\/lucacastelli.com\/fr\/wp-json\/wp\/v2\/product_cat?post=501916"},{"taxonomy":"product_tag","embeddable":true,"href":"https:\/\/lucacastelli.com\/fr\/wp-json\/wp\/v2\/product_tag?post=501916"}],"curies":[{"name":"wp","href":"https:\/\/api.w.org\/{rel}","templated":true}]}}