{"id":501908,"date":"2025-07-12T17:52:39","date_gmt":"2025-07-12T15:52:39","guid":{"rendered":"https:\/\/lucacastelli.com\/prodotto\/milwaukee-ensemble-de-tete\/"},"modified":"2025-07-12T17:52:39","modified_gmt":"2025-07-12T15:52:39","slug":"milwaukee-ensemble-de-tete","status":"publish","type":"product","link":"https:\/\/lucacastelli.com\/fr\/produit\/milwaukee-ensemble-de-tete\/","title":{"rendered":"MILWAUKEE Ensemble de t\u00eate"},"content":{"rendered":"<p>M18 Kit d\u2019accessoires pour nettoyeur de tuyaux sans fil&nbsp;; Compos\u00e9 de&nbsp;: al\u00e9soir \u00e0 entonnoir, t\u00eate de rotation de cha\u00eene, perceuse \u00e0 t\u00eate de pelle, pistolet de per\u00e7age \u00e0 lame et cl\u00e9 \u00e0 goupille, adapt\u00e9 aux bobines de nettoyage de tuyaux de 10\/13\/16 mm de diam\u00e8tre<\/p>\n","protected":false},"excerpt":{"rendered":"<p>M18 Kit d\u2019accessoires pour nettoyeur de tuyaux sans fil&nbsp;; Compos\u00e9 de&nbsp;: al\u00e9soir \u00e0 entonnoir, t\u00eate de rotation de cha\u00eene, perceuse<\/p>\n","protected":false},"featured_media":484549,"template":"","meta":{"_seopress_robots_primary_cat":"","_seopress_titles_title":"","_seopress_titles_desc":"","_seopress_robots_index":""},"product_brand":[3407],"product_cat":[29,558],"product_tag":[3270],"class_list":{"0":"post-501908","1":"product","2":"type-product","3":"status-publish","4":"has-post-thumbnail","6":"product_brand-milwaukee","7":"product_cat-macchinari","8":"product_cat-seghe-accessori-vari","9":"product_tag-import-milwau","10":"sws-gruppo-macchinari-fr","11":"sws-conto-ricavi-merci-rivendita-macchinari-fr","12":"sws-gruppo-iva-iva81-fr","14":"first","15":"instock","16":"sale","17":"shipping-taxable","18":"purchasable","19":"product-type-simple"},"_links":{"self":[{"href":"https:\/\/lucacastelli.com\/fr\/wp-json\/wp\/v2\/product\/501908","targetHints":{"allow":["GET"]}}],"collection":[{"href":"https:\/\/lucacastelli.com\/fr\/wp-json\/wp\/v2\/product"}],"about":[{"href":"https:\/\/lucacastelli.com\/fr\/wp-json\/wp\/v2\/types\/product"}],"wp:featuredmedia":[{"embeddable":true,"href":"https:\/\/lucacastelli.com\/fr\/wp-json\/wp\/v2\/media\/484549"}],"wp:attachment":[{"href":"https:\/\/lucacastelli.com\/fr\/wp-json\/wp\/v2\/media?parent=501908"}],"wp:term":[{"taxonomy":"product_brand","embeddable":true,"href":"https:\/\/lucacastelli.com\/fr\/wp-json\/wp\/v2\/product_brand?post=501908"},{"taxonomy":"product_cat","embeddable":true,"href":"https:\/\/lucacastelli.com\/fr\/wp-json\/wp\/v2\/product_cat?post=501908"},{"taxonomy":"product_tag","embeddable":true,"href":"https:\/\/lucacastelli.com\/fr\/wp-json\/wp\/v2\/product_tag?post=501908"}],"curies":[{"name":"wp","href":"https:\/\/api.w.org\/{rel}","templated":true}]}}