{"id":501879,"date":"2025-07-12T17:52:29","date_gmt":"2025-07-12T15:52:29","guid":{"rendered":"https:\/\/lucacastelli.com\/prodotto\/spirale-de-milwaukee-8\/"},"modified":"2025-07-12T17:52:29","modified_gmt":"2025-07-12T15:52:29","slug":"spirale-de-milwaukee-8","status":"publish","type":"product","link":"https:\/\/lucacastelli.com\/fr\/produit\/spirale-de-milwaukee-8\/","title":{"rendered":"Spirale de MILWAUKEE"},"content":{"rendered":"<p>Spirale pour le nettoyage des tuyaux avec noyau int\u00e9rieur, t\u00eate conique articul\u00e9e et tambour diam\u00e8tre 6 mm x 7,6 m<\/p>\n","protected":false},"excerpt":{"rendered":"<p>Spirale pour le nettoyage des tuyaux avec noyau int\u00e9rieur, t\u00eate conique articul\u00e9e et tambour diam\u00e8tre 6 mm x 7,6 m<\/p>\n","protected":false},"featured_media":484499,"template":"","meta":{"_seopress_robots_primary_cat":"","_seopress_titles_title":"","_seopress_titles_desc":"","_seopress_robots_index":""},"product_brand":[3407],"product_cat":[29,558],"product_tag":[3270],"class_list":{"0":"post-501879","1":"product","2":"type-product","3":"status-publish","4":"has-post-thumbnail","6":"product_brand-milwaukee","7":"product_cat-macchinari","8":"product_cat-seghe-accessori-vari","9":"product_tag-import-milwau","10":"sws-gruppo-macchinari-fr","11":"sws-conto-ricavi-merci-rivendita-macchinari-fr","12":"sws-gruppo-iva-iva81-fr","14":"first","15":"instock","16":"sale","17":"shipping-taxable","18":"purchasable","19":"product-type-simple"},"_links":{"self":[{"href":"https:\/\/lucacastelli.com\/fr\/wp-json\/wp\/v2\/product\/501879","targetHints":{"allow":["GET"]}}],"collection":[{"href":"https:\/\/lucacastelli.com\/fr\/wp-json\/wp\/v2\/product"}],"about":[{"href":"https:\/\/lucacastelli.com\/fr\/wp-json\/wp\/v2\/types\/product"}],"wp:featuredmedia":[{"embeddable":true,"href":"https:\/\/lucacastelli.com\/fr\/wp-json\/wp\/v2\/media\/484499"}],"wp:attachment":[{"href":"https:\/\/lucacastelli.com\/fr\/wp-json\/wp\/v2\/media?parent=501879"}],"wp:term":[{"taxonomy":"product_brand","embeddable":true,"href":"https:\/\/lucacastelli.com\/fr\/wp-json\/wp\/v2\/product_brand?post=501879"},{"taxonomy":"product_cat","embeddable":true,"href":"https:\/\/lucacastelli.com\/fr\/wp-json\/wp\/v2\/product_cat?post=501879"},{"taxonomy":"product_tag","embeddable":true,"href":"https:\/\/lucacastelli.com\/fr\/wp-json\/wp\/v2\/product_tag?post=501879"}],"curies":[{"name":"wp","href":"https:\/\/api.w.org\/{rel}","templated":true}]}}