{"id":501850,"date":"2025-07-12T17:52:11","date_gmt":"2025-07-12T15:52:11","guid":{"rendered":"https:\/\/lucacastelli.com\/prodotto\/cable-milwaukee\/"},"modified":"2025-07-12T17:52:11","modified_gmt":"2025-07-12T15:52:11","slug":"cable-milwaukee","status":"publish","type":"product","link":"https:\/\/lucacastelli.com\/fr\/produit\/cable-milwaukee\/","title":{"rendered":"C\u00e2ble MILWAUKEE"},"content":{"rendered":"<p>R\u00e9sistant \u00e0 l\u2019eau et \u00e0 la poussi\u00e8re&nbsp;; La rallonge est connect\u00e9e entre l\u2019outil et le c\u00e2ble standard fourni dans l\u2019emballage<\/p>\n","protected":false},"excerpt":{"rendered":"<p>R\u00e9sistant \u00e0 l\u2019eau et \u00e0 la poussi\u00e8re&nbsp;; La rallonge est connect\u00e9e entre l\u2019outil et le c\u00e2ble standard fourni dans l\u2019emballage<\/p>\n","protected":false},"featured_media":484459,"template":"","meta":{"_seopress_robots_primary_cat":"","_seopress_titles_title":"","_seopress_titles_desc":"","_seopress_robots_index":""},"product_brand":[3407],"product_cat":[29,558],"product_tag":[3270],"class_list":{"0":"post-501850","1":"product","2":"type-product","3":"status-publish","4":"has-post-thumbnail","6":"product_brand-milwaukee","7":"product_cat-macchinari","8":"product_cat-seghe-accessori-vari","9":"product_tag-import-milwau","10":"sws-gruppo-macchinari-fr","11":"sws-conto-ricavi-merci-rivendita-macchinari-fr","12":"sws-gruppo-iva-iva81-fr","14":"first","15":"instock","16":"sale","17":"shipping-taxable","18":"purchasable","19":"product-type-simple"},"_links":{"self":[{"href":"https:\/\/lucacastelli.com\/fr\/wp-json\/wp\/v2\/product\/501850","targetHints":{"allow":["GET"]}}],"collection":[{"href":"https:\/\/lucacastelli.com\/fr\/wp-json\/wp\/v2\/product"}],"about":[{"href":"https:\/\/lucacastelli.com\/fr\/wp-json\/wp\/v2\/types\/product"}],"wp:featuredmedia":[{"embeddable":true,"href":"https:\/\/lucacastelli.com\/fr\/wp-json\/wp\/v2\/media\/484459"}],"wp:attachment":[{"href":"https:\/\/lucacastelli.com\/fr\/wp-json\/wp\/v2\/media?parent=501850"}],"wp:term":[{"taxonomy":"product_brand","embeddable":true,"href":"https:\/\/lucacastelli.com\/fr\/wp-json\/wp\/v2\/product_brand?post=501850"},{"taxonomy":"product_cat","embeddable":true,"href":"https:\/\/lucacastelli.com\/fr\/wp-json\/wp\/v2\/product_cat?post=501850"},{"taxonomy":"product_tag","embeddable":true,"href":"https:\/\/lucacastelli.com\/fr\/wp-json\/wp\/v2\/product_tag?post=501850"}],"curies":[{"name":"wp","href":"https:\/\/api.w.org\/{rel}","templated":true}]}}