{"id":501843,"date":"2025-07-12T17:52:08","date_gmt":"2025-07-12T15:52:08","guid":{"rendered":"https:\/\/lucacastelli.com\/prodotto\/tambour-a-cordon-milwaukee-3\/"},"modified":"2025-07-12T17:52:08","modified_gmt":"2025-07-12T15:52:08","slug":"tambour-a-cordon-milwaukee-3","status":"publish","type":"product","link":"https:\/\/lucacastelli.com\/fr\/produit\/tambour-a-cordon-milwaukee-3\/","title":{"rendered":"Tambour \u00e0 cordon MILWAUKEE"},"content":{"rendered":"<p>Tambour avec courroie non conductrice de 60 m, adapt\u00e9 \u00e0 l\u2019enfileuse de c\u00e2bles sans fil M18<\/p>\n","protected":false},"excerpt":{"rendered":"<p>Tambour avec courroie non conductrice de 60 m, adapt\u00e9 \u00e0 l\u2019enfileuse de c\u00e2bles sans fil M18<\/p>\n","protected":false},"featured_media":484436,"template":"","meta":{"_seopress_robots_primary_cat":"","_seopress_titles_title":"","_seopress_titles_desc":"","_seopress_robots_index":""},"product_brand":[3407],"product_cat":[29,558],"product_tag":[3270],"class_list":{"0":"post-501843","1":"product","2":"type-product","3":"status-publish","4":"has-post-thumbnail","6":"product_brand-milwaukee","7":"product_cat-macchinari","8":"product_cat-seghe-accessori-vari","9":"product_tag-import-milwau","10":"sws-gruppo-macchinari-fr","11":"sws-conto-ricavi-merci-rivendita-macchinari-fr","12":"sws-gruppo-iva-iva81-fr","14":"first","15":"instock","16":"sale","17":"shipping-taxable","18":"purchasable","19":"product-type-simple"},"_links":{"self":[{"href":"https:\/\/lucacastelli.com\/fr\/wp-json\/wp\/v2\/product\/501843","targetHints":{"allow":["GET"]}}],"collection":[{"href":"https:\/\/lucacastelli.com\/fr\/wp-json\/wp\/v2\/product"}],"about":[{"href":"https:\/\/lucacastelli.com\/fr\/wp-json\/wp\/v2\/types\/product"}],"wp:featuredmedia":[{"embeddable":true,"href":"https:\/\/lucacastelli.com\/fr\/wp-json\/wp\/v2\/media\/484436"}],"wp:attachment":[{"href":"https:\/\/lucacastelli.com\/fr\/wp-json\/wp\/v2\/media?parent=501843"}],"wp:term":[{"taxonomy":"product_brand","embeddable":true,"href":"https:\/\/lucacastelli.com\/fr\/wp-json\/wp\/v2\/product_brand?post=501843"},{"taxonomy":"product_cat","embeddable":true,"href":"https:\/\/lucacastelli.com\/fr\/wp-json\/wp\/v2\/product_cat?post=501843"},{"taxonomy":"product_tag","embeddable":true,"href":"https:\/\/lucacastelli.com\/fr\/wp-json\/wp\/v2\/product_tag?post=501843"}],"curies":[{"name":"wp","href":"https:\/\/api.w.org\/{rel}","templated":true}]}}