{"id":501827,"date":"2025-07-12T17:52:03","date_gmt":"2025-07-12T15:52:03","guid":{"rendered":"https:\/\/lucacastelli.com\/prodotto\/jeu-de-lames-milwaukee\/"},"modified":"2025-07-12T17:52:03","modified_gmt":"2025-07-12T15:52:03","slug":"jeu-de-lames-milwaukee","status":"publish","type":"product","link":"https:\/\/lucacastelli.com\/fr\/produit\/jeu-de-lames-milwaukee\/","title":{"rendered":"Jeu de lames MILWAUKEE"},"content":{"rendered":"<p>Jeu de couteaux coupe-c\u00e2bles sans fil M12 adapt\u00e9 aux c\u00e2bles de suspension d\u2019un diam\u00e8tre allant jusqu\u2019\u00e0 9,5 mm ;Ne convient pas aux c\u00e2bles arm\u00e9s<\/p>\n","protected":false},"excerpt":{"rendered":"<p>Jeu de couteaux coupe-c\u00e2bles sans fil M12 adapt\u00e9 aux c\u00e2bles de suspension d\u2019un diam\u00e8tre allant jusqu\u2019\u00e0 9,5 mm ;Ne convient<\/p>\n","protected":false},"featured_media":0,"template":"","meta":{"_seopress_robots_primary_cat":"","_seopress_titles_title":"","_seopress_titles_desc":"","_seopress_robots_index":""},"product_brand":[3656],"product_cat":[169,1535],"product_tag":[6837],"class_list":{"0":"post-501827","1":"product","2":"type-product","3":"status-publish","5":"product_brand-milwaukee-de","6":"product_cat-maschinen","7":"product_cat-sagen","8":"product_tag-imp-26-mw_update","9":"sws-gruppo-macchinari-fr","10":"sws-conto-ricavi-merci-rivendita-macchinari-fr","11":"sws-gruppo-iva-iva81-fr","13":"first","14":"instock","15":"sale","16":"shipping-taxable","17":"purchasable","18":"product-type-simple"},"_links":{"self":[{"href":"https:\/\/lucacastelli.com\/fr\/wp-json\/wp\/v2\/product\/501827","targetHints":{"allow":["GET"]}}],"collection":[{"href":"https:\/\/lucacastelli.com\/fr\/wp-json\/wp\/v2\/product"}],"about":[{"href":"https:\/\/lucacastelli.com\/fr\/wp-json\/wp\/v2\/types\/product"}],"wp:attachment":[{"href":"https:\/\/lucacastelli.com\/fr\/wp-json\/wp\/v2\/media?parent=501827"}],"wp:term":[{"taxonomy":"product_brand","embeddable":true,"href":"https:\/\/lucacastelli.com\/fr\/wp-json\/wp\/v2\/product_brand?post=501827"},{"taxonomy":"product_cat","embeddable":true,"href":"https:\/\/lucacastelli.com\/fr\/wp-json\/wp\/v2\/product_cat?post=501827"},{"taxonomy":"product_tag","embeddable":true,"href":"https:\/\/lucacastelli.com\/fr\/wp-json\/wp\/v2\/product_tag?post=501827"}],"curies":[{"name":"wp","href":"https:\/\/api.w.org\/{rel}","templated":true}]}}